{"id":679,"date":"2024-03-12T11:03:19","date_gmt":"2024-03-12T14:03:19","guid":{"rendered":"https:\/\/estudosdacrianca.org\/simposio2024\/?page_id=679"},"modified":"2024-04-07T19:15:36","modified_gmt":"2024-04-07T22:15:36","slug":"lancamentos-de-livros-submissoes","status":"publish","type":"page","link":"https:\/\/estudosdacrianca.org\/simposio2024\/lancamentos-de-livros-submissoes\/","title":{"rendered":"Lan\u00e7amentos de Livros &#8211; Submiss\u00f5es"},"content":{"rendered":"\t\t<div data-elementor-type=\"wp-page\" data-elementor-id=\"679\" class=\"elementor elementor-679\" data-elementor-post-type=\"page\">\n\t\t\t\t<div class=\"elementor-element elementor-element-7364953 e-flex e-con-boxed e-con e-parent\" data-id=\"7364953\" data-element_type=\"container\" data-e-type=\"container\" data-settings=\"{&quot;background_background&quot;:&quot;classic&quot;}\">\n\t\t\t\t\t<div class=\"e-con-inner\">\n\t\t<div class=\"elementor-element elementor-element-e981d7a e-flex e-con-boxed e-con e-child\" data-id=\"e981d7a\" data-element_type=\"container\" data-e-type=\"container\" data-settings=\"{&quot;background_background&quot;:&quot;classic&quot;}\">\n\t\t\t\t\t<div class=\"e-con-inner\">\n\t\t\t\t<div class=\"elementor-element elementor-element-2ce8cb9 elementor-widget elementor-widget-heading\" data-id=\"2ce8cb9\" data-element_type=\"widget\" data-e-type=\"widget\" data-widget_type=\"heading.default\">\n\t\t\t\t<div class=\"elementor-widget-container\">\n\t\t\t\t\t<h2 class=\"elementor-heading-title elementor-size-default\">Edital de lan\u00e7amento de livros e e-books<\/h2>\t\t\t\t<\/div>\n\t\t\t\t<\/div>\n\t\t\t\t<div class=\"elementor-element elementor-element-bc377ab elementor-widget-divider--view-line elementor-widget elementor-widget-divider\" data-id=\"bc377ab\" data-element_type=\"widget\" data-e-type=\"widget\" data-widget_type=\"divider.default\">\n\t\t\t\t<div class=\"elementor-widget-container\">\n\t\t\t\t\t\t\t<div class=\"elementor-divider\">\n\t\t\t<span class=\"elementor-divider-separator\">\n\t\t\t\t\t\t<\/span>\n\t\t<\/div>\n\t\t\t\t\t\t<\/div>\n\t\t\t\t<\/div>\n\t\t\t\t<div class=\"elementor-element elementor-element-3d8359b elementor-widget elementor-widget-text-editor\" data-id=\"3d8359b\" data-element_type=\"widget\" data-e-type=\"widget\" data-widget_type=\"text-editor.default\">\n\t\t\t\t<div class=\"elementor-widget-container\">\n\t\t\t\t\t\t\t\t\t<p>A Comiss\u00e3o Organizadora do VI Simp\u00f3sio Luso-Brasileiro em Estudos da Crian\u00e7a\/I Simp\u00f3sio Luso-Afro-Brasileiro em Estudos da Crian\u00e7a torna p\u00fablica a chamada para lan\u00e7amento de livros e e-books:<\/p>\n<p><strong>1 NORMAS GERAIS<\/strong><\/p>\n<p>1.1 Poder\u00e3o ser inscritas, no espa\u00e7o de lan\u00e7amento de livros e e-books do VI Simp\u00f3sio Luso-Brasileiro em Estudos da Crian\u00e7a\/I Simp\u00f3sio Luso-Afro-Brasileiro em Estudos da Crian\u00e7a, publica\u00e7\u00f5es dos anos de 2021 a 2024 que contemplem a ampla variedade de tem\u00e1ticas referentes \u00e0s diferentes dimens\u00f5es, enfoques e quest\u00f5es relacionadas \u00e0 inf\u00e2ncia. As obras podem ser de distintos g\u00eaneros (acad\u00eamico, liter\u00e1rio, fotogr\u00e1fico, HQ, jornal\u00edstico etc.).&nbsp;<\/p>\n<p><strong>2 CRONOGRAMA<\/strong><\/p>\n<p>2.1 As propostas de lan\u00e7amento devem ser enviadas at\u00e9 2 de junho de 2024 [23:59h].<\/p>\n<p>2.2 A divulga\u00e7\u00e3o da lista de livros e e-books inscritos aprovados para lan\u00e7amento no evento ser\u00e1 disponibilizada no dia 22 de junho de 2024 nas redes sociais e no site do Simp\u00f3sio. Poder\u00e3o ser interpostos recursos de 23 a 26 de junho. A divulga\u00e7\u00e3o final dos trabalhos ser\u00e1 no dia 1\u00ba de julho de 2024.<\/p>\n<p>2.3 O evento de lan\u00e7amento dos livros e e-books inscritos e aprovados VI Simp\u00f3sio Luso-Brasileiro em Estudos da Crian\u00e7a\/I Simp\u00f3sio Luso-Afro-Brasileiro em Estudos da Crian\u00e7a ser\u00e1 realizado no dia 29 de agosto de 2024, das 18h \u00e0s 20h.<\/p>\n<p>2.4 Pelo menos um das\/os autoras\/es e\/ou organizadoras\/es da obra selecionada deve estar inscrita\/o no evento.<\/p>\n<p><strong>3 DISPOSI\u00c7\u00d5ES GERAIS<\/strong><\/p>\n<p>3.1 O lan\u00e7amento ser\u00e1 realizado presencialmente.<\/p>\n<p>3.2 A comercializa\u00e7\u00e3o dos livros \u00e9 de inteira responsabilidade das\/os autoras\/es.<\/p>\n<p>3.3 Durante a realiza\u00e7\u00e3o do evento de lan\u00e7amento, caber\u00e1 \u00e0s\/aos autoras\/es responder aos questionamentos e\/ou d\u00favidas que surgirem sobre as obras.<\/p>\n<p>3.4 Em caso de d\u00favidas, entre em contato pelo e-mail: lusoafrobrasileiro6@gmail.com &nbsp;<\/p>\t\t\t\t\t\t\t\t<\/div>\n\t\t\t\t<\/div>\n\t\t\t\t<div class=\"elementor-element elementor-element-1c8845f elementor-widget elementor-widget-heading\" data-id=\"1c8845f\" data-element_type=\"widget\" data-e-type=\"widget\" data-widget_type=\"heading.default\">\n\t\t\t\t<div class=\"elementor-widget-container\">\n\t\t\t\t\t<h2 class=\"elementor-heading-title elementor-size-default\"><span style=\"font-family: Roboto, sans-serif;font-weight: 500;line-height: 1.2;font-size: 1.5rem;text-align: center\"><a href=\"https:\/\/forms.gle\/nJBQxw6sbVbfcgez9\" target=\"_blank\">Submeter Proposta<\/a><\/span><\/h2>\t\t\t\t<\/div>\n\t\t\t\t<\/div>\n\t\t\t\t\t<\/div>\n\t\t\t\t<\/div>\n\t\t\t\t\t<\/div>\n\t\t\t\t<\/div>\n\t\t\t\t<\/div>\n\t\t","protected":false},"excerpt":{"rendered":"<p>\/*! elementor &#8211; v3.19.0 &#8211; 07-02-2024 *\/ .elementor-heading-title{padding:0;margin:0;line-height:1}.elementor-widget-heading .elementor-heading-title[class*=elementor-size-]&gt;a{color:inherit;font-size:inherit;line-height:inherit}.elementor-widget-heading .elementor-heading-title.elementor-size-small{font-size:15px}.elementor-widget-heading .elementor-heading-title.elementor-size-medium{font-size:19px}.elementor-widget-heading .elementor-heading-title.elementor-size-large{font-size:29px}.elementor-widget-heading .elementor-heading-title.elementor-size-xl{font-size:39px}.elementor-widget-heading .elementor-heading-title.elementor-size-xxl{font-size:59px} Edital de lan\u00e7amento de livros e e-books \/*! elementor &#8211; v3.19.0 &#8211; 07-02-2024 *\/ .elementor-widget-divider{&#8211;divider-border-style:none;&#8211;divider-border-width:1px;&#8211;divider-color:#0c0d0e;&#8211;divider-icon-size:20px;&#8211;divider-element-spacing:10px;&#8211;divider-pattern-height:24px;&#8211;divider-pattern-size:20px;&#8211;divider-pattern-url:none;&#8211;divider-pattern-repeat:repeat-x}.elementor-widget-divider .elementor-divider{display:flex}.elementor-widget-divider .elementor-divider__text{font-size:15px;line-height:1;max-width:95%}.elementor-widget-divider .elementor-divider__element{margin:0 var(&#8211;divider-element-spacing);flex-shrink:0}.elementor-widget-divider .elementor-icon{font-size:var(&#8211;divider-icon-size)}.elementor-widget-divider .elementor-divider-separator{display:flex;margin:0;direction:ltr}.elementor-widget-divider&#8211;view-line_icon .elementor-divider-separator,.elementor-widget-divider&#8211;view-line_text .elementor-divider-separator{align-items:center}.elementor-widget-divider&#8211;view-line_icon .elementor-divider-separator:after,.elementor-widget-divider&#8211;view-line_icon .elementor-divider-separator:before,.elementor-widget-divider&#8211;view-line_text .elementor-divider-separator:after,.elementor-widget-divider&#8211;view-line_text .elementor-divider-separator:before{display:block;content:&#8221;&#8221;;border-block-end:0;flex-grow:1;border-block-start:var(&#8211;divider-border-width) var(&#8211;divider-border-style) var(&#8211;divider-color)}.elementor-widget-divider&#8211;element-align-left .elementor-divider .elementor-divider-separator&gt;.elementor-divider__svg:first-of-type{flex-grow:0;flex-shrink:100}.elementor-widget-divider&#8211;element-align-left .elementor-divider-separator:before{content:none}.elementor-widget-divider&#8211;element-align-left .elementor-divider__element{margin-left:0}.elementor-widget-divider&#8211;element-align-right .elementor-divider .elementor-divider-separator&gt;.elementor-divider__svg:last-of-type{flex-grow:0;flex-shrink:100}.elementor-widget-divider&#8211;element-align-right .elementor-divider-separator:after{content:none}.elementor-widget-divider&#8211;element-align-right .elementor-divider__element{margin-right:0}.elementor-widget-divider&#8211;element-align-start .elementor-divider .elementor-divider-separator&gt;.elementor-divider__svg:first-of-type{flex-grow:0;flex-shrink:100}.elementor-widget-divider&#8211;element-align-start .elementor-divider-separator:before{content:none}.elementor-widget-divider&#8211;element-align-start .elementor-divider__element{margin-inline-start:0}.elementor-widget-divider&#8211;element-align-end [&hellip;]<\/p>\n","protected":false},"author":1,"featured_media":0,"parent":0,"menu_order":0,"comment_status":"closed","ping_status":"closed","template":"elementor_header_footer","meta":{"footnotes":""},"class_list":["post-679","page","type-page","status-publish","hentry"],"_links":{"self":[{"href":"https:\/\/estudosdacrianca.org\/simposio2024\/wp-json\/wp\/v2\/pages\/679","targetHints":{"allow":["GET"]}}],"collection":[{"href":"https:\/\/estudosdacrianca.org\/simposio2024\/wp-json\/wp\/v2\/pages"}],"about":[{"href":"https:\/\/estudosdacrianca.org\/simposio2024\/wp-json\/wp\/v2\/types\/page"}],"author":[{"embeddable":true,"href":"https:\/\/estudosdacrianca.org\/simposio2024\/wp-json\/wp\/v2\/users\/1"}],"replies":[{"embeddable":true,"href":"https:\/\/estudosdacrianca.org\/simposio2024\/wp-json\/wp\/v2\/comments?post=679"}],"version-history":[{"count":19,"href":"https:\/\/estudosdacrianca.org\/simposio2024\/wp-json\/wp\/v2\/pages\/679\/revisions"}],"predecessor-version":[{"id":890,"href":"https:\/\/estudosdacrianca.org\/simposio2024\/wp-json\/wp\/v2\/pages\/679\/revisions\/890"}],"wp:attachment":[{"href":"https:\/\/estudosdacrianca.org\/simposio2024\/wp-json\/wp\/v2\/media?parent=679"}],"curies":[{"name":"wp","href":"https:\/\/api.w.org\/{rel}","templated":true}]}}