{"id":671,"date":"2024-03-12T10:50:32","date_gmt":"2024-03-12T13:50:32","guid":{"rendered":"https:\/\/estudosdacrianca.org\/simposio2024\/?page_id=671"},"modified":"2024-04-09T23:10:05","modified_gmt":"2024-04-10T02:10:05","slug":"mostra-de-filmes-submissoes","status":"publish","type":"page","link":"https:\/\/estudosdacrianca.org\/simposio2024\/mostra-de-filmes-submissoes\/","title":{"rendered":"Mostra de Filmes &#8211; Submiss\u00f5es"},"content":{"rendered":"\t\t<div data-elementor-type=\"wp-page\" data-elementor-id=\"671\" class=\"elementor elementor-671\" data-elementor-post-type=\"page\">\n\t\t\t\t<div class=\"elementor-element elementor-element-7364953 e-flex e-con-boxed e-con e-parent\" data-id=\"7364953\" data-element_type=\"container\" data-e-type=\"container\" data-settings=\"{&quot;background_background&quot;:&quot;classic&quot;}\">\n\t\t\t\t\t<div class=\"e-con-inner\">\n\t\t<div class=\"elementor-element elementor-element-e981d7a e-flex e-con-boxed e-con e-child\" data-id=\"e981d7a\" data-element_type=\"container\" data-e-type=\"container\" data-settings=\"{&quot;background_background&quot;:&quot;classic&quot;}\">\n\t\t\t\t\t<div class=\"e-con-inner\">\n\t\t\t\t<div class=\"elementor-element elementor-element-1c8845f elementor-widget elementor-widget-heading\" data-id=\"1c8845f\" data-element_type=\"widget\" data-e-type=\"widget\" data-widget_type=\"heading.default\">\n\t\t\t\t<div class=\"elementor-widget-container\">\n\t\t\t\t\t<h2 class=\"elementor-heading-title elementor-size-default\"><b>I Mostra Audiovisual Espa\u00e7ostempos das Inf\u00e2ncias<\/b><\/h2>\t\t\t\t<\/div>\n\t\t\t\t<\/div>\n\t\t\t\t<div class=\"elementor-element elementor-element-bc377ab elementor-widget-divider--view-line elementor-widget elementor-widget-divider\" data-id=\"bc377ab\" data-element_type=\"widget\" data-e-type=\"widget\" data-widget_type=\"divider.default\">\n\t\t\t\t<div class=\"elementor-widget-container\">\n\t\t\t\t\t\t\t<div class=\"elementor-divider\">\n\t\t\t<span class=\"elementor-divider-separator\">\n\t\t\t\t\t\t<\/span>\n\t\t<\/div>\n\t\t\t\t\t\t<\/div>\n\t\t\t\t<\/div>\n\t\t\t\t<div class=\"elementor-element elementor-element-246f028 elementor-widget elementor-widget-accordion\" data-id=\"246f028\" data-element_type=\"widget\" data-e-type=\"widget\" data-widget_type=\"accordion.default\">\n\t\t\t\t<div class=\"elementor-widget-container\">\n\t\t\t\t\t\t\t<div class=\"elementor-accordion\">\n\t\t\t\t\t\t\t<div class=\"elementor-accordion-item\">\n\t\t\t\t\t<div id=\"elementor-tab-title-3821\" class=\"elementor-tab-title\" data-tab=\"1\" role=\"button\" aria-controls=\"elementor-tab-content-3821\" aria-expanded=\"false\">\n\t\t\t\t\t\t\t\t\t\t\t\t\t<span class=\"elementor-accordion-icon elementor-accordion-icon-left\" aria-hidden=\"true\">\n\t\t\t\t\t\t\t\t\t\t\t\t\t\t\t<span class=\"elementor-accordion-icon-closed\"><svg class=\"e-font-icon-svg e-fas-plus\" viewBox=\"0 0 448 512\" xmlns=\"http:\/\/www.w3.org\/2000\/svg\"><path d=\"M416 208H272V64c0-17.67-14.33-32-32-32h-32c-17.67 0-32 14.33-32 32v144H32c-17.67 0-32 14.33-32 32v32c0 17.67 14.33 32 32 32h144v144c0 17.67 14.33 32 32 32h32c17.67 0 32-14.33 32-32V304h144c17.67 0 32-14.33 32-32v-32c0-17.67-14.33-32-32-32z\"><\/path><\/svg><\/span>\n\t\t\t\t\t\t\t\t<span class=\"elementor-accordion-icon-opened\"><svg class=\"e-font-icon-svg e-fas-minus\" viewBox=\"0 0 448 512\" xmlns=\"http:\/\/www.w3.org\/2000\/svg\"><path d=\"M416 208H32c-17.67 0-32 14.33-32 32v32c0 17.67 14.33 32 32 32h384c17.67 0 32-14.33 32-32v-32c0-17.67-14.33-32-32-32z\"><\/path><\/svg><\/span>\n\t\t\t\t\t\t\t\t\t\t\t\t\t\t<\/span>\n\t\t\t\t\t\t\t\t\t\t\t\t<a class=\"elementor-accordion-title\" tabindex=\"0\">Apresenta\u00e7\u00e3o<\/a>\n\t\t\t\t\t<\/div>\n\t\t\t\t\t<div id=\"elementor-tab-content-3821\" class=\"elementor-tab-content elementor-clearfix\" data-tab=\"1\" role=\"region\" aria-labelledby=\"elementor-tab-title-3821\"><p>Nota-se o crescente investimento de pesquisadores\/as do campo de estudos da crian\u00e7a nas possibilidades conceituais e metodol\u00f3gicas abertas pelo cinema e as m\u00eddias audiovisuais art\u00edsticas, tanto no processo de elabora\u00e7\u00e3o de dados das pesquisas quanto na comunica\u00e7\u00e3o dos resultados das investiga\u00e7\u00f5es. As audiovisualidades t\u00eam sido experimentadas e reconhecidas em distintos espa\u00e7ostempos geradores de conhecimentos.<\/p><p>\u00c9 com base nessa constata\u00e7\u00e3o que o VI Simp\u00f3sio Luso-Brasileiro em Estudos da Crian\u00e7a e I Simp\u00f3sio Luso-Afro-Brasileiro em Estudos da Crian\u00e7a, ao destacar o inesgot\u00e1vel e insubstitu\u00edvel poder de fixa\u00e7\u00e3o imag\u00e9tica dos mundos complexos da inf\u00e2ncia, prop\u00f5em a <strong><em>I Mostra Audiovisual Espa\u00e7ostempos das Inf\u00e2ncias<\/em><\/strong><em>.<\/em><em>\u00a0<\/em><\/p><p>Desejamos, assim, promover um espa\u00e7o de exibi\u00e7\u00e3o, debate e valoriza\u00e7\u00e3o das cria\u00e7\u00f5es audiovisuais transcendentes, irredut\u00edveis e em constante devir dos participantes luso-afro-brasileiros do nosso encontro.<\/p><\/div>\n\t\t\t\t<\/div>\n\t\t\t\t\t\t\t<div class=\"elementor-accordion-item\">\n\t\t\t\t\t<div id=\"elementor-tab-title-3822\" class=\"elementor-tab-title\" data-tab=\"2\" role=\"button\" aria-controls=\"elementor-tab-content-3822\" aria-expanded=\"false\">\n\t\t\t\t\t\t\t\t\t\t\t\t\t<span class=\"elementor-accordion-icon elementor-accordion-icon-left\" aria-hidden=\"true\">\n\t\t\t\t\t\t\t\t\t\t\t\t\t\t\t<span class=\"elementor-accordion-icon-closed\"><svg class=\"e-font-icon-svg e-fas-plus\" viewBox=\"0 0 448 512\" xmlns=\"http:\/\/www.w3.org\/2000\/svg\"><path d=\"M416 208H272V64c0-17.67-14.33-32-32-32h-32c-17.67 0-32 14.33-32 32v144H32c-17.67 0-32 14.33-32 32v32c0 17.67 14.33 32 32 32h144v144c0 17.67 14.33 32 32 32h32c17.67 0 32-14.33 32-32V304h144c17.67 0 32-14.33 32-32v-32c0-17.67-14.33-32-32-32z\"><\/path><\/svg><\/span>\n\t\t\t\t\t\t\t\t<span class=\"elementor-accordion-icon-opened\"><svg class=\"e-font-icon-svg e-fas-minus\" viewBox=\"0 0 448 512\" xmlns=\"http:\/\/www.w3.org\/2000\/svg\"><path d=\"M416 208H32c-17.67 0-32 14.33-32 32v32c0 17.67 14.33 32 32 32h384c17.67 0 32-14.33 32-32v-32c0-17.67-14.33-32-32-32z\"><\/path><\/svg><\/span>\n\t\t\t\t\t\t\t\t\t\t\t\t\t\t<\/span>\n\t\t\t\t\t\t\t\t\t\t\t\t<a class=\"elementor-accordion-title\" tabindex=\"0\">Disposi\u00e7\u00f5es Gerais: <\/a>\n\t\t\t\t\t<\/div>\n\t\t\t\t\t<div id=\"elementor-tab-content-3822\" class=\"elementor-tab-content elementor-clearfix\" data-tab=\"2\" role=\"region\" aria-labelledby=\"elementor-tab-title-3822\"><ol><li><em> I Mostra Audiovisual Espa\u00e7ostempos das Inf\u00e2ncias<\/em> ser\u00e1 realizada no dia 28 de agosto de 2024, das 18h \u00e0s 20h, no Audit\u00f3rio Manoel Maur\u00edcio, no campus da Praia Vermelha da Universidade Federal do Rio de Janeiro\/UFRJ.<\/li><li>O foco da Mostra s\u00e3o registros audiovisuais documentais das inf\u00e2ncias em seus diferentes tempos e territ\u00f3rios, seja em casa, na escola, na rua ou em outros espa\u00e7os. Busca-se a autenticidade do gesto e do olhar, sem interpreta\u00e7\u00e3o ou roteiro, estando ou n\u00e3o relacionado a um projeto de pesquisa.<\/li><li>Ser\u00e3o aceitas inscri\u00e7\u00f5es de filmes realizados nos \u00faltimos 5 (cinco) anos em dois contextos:<\/li><\/ol><p><strong>3.1 Filmes DE crian\u00e7as<br \/><\/strong>Convidamos a inscri\u00e7\u00e3o de registros audiovisuais documentais das inf\u00e2ncias realizados por crian\u00e7as em seus diferentes temposespa\u00e7os: em casa, na rua, na escola ou em outros territ\u00f3rios. Entendemos que filmes realizados por crian\u00e7as possam ter uma media\u00e7\u00e3o adulta (em alguma etapa da produ\u00e7\u00e3o ou p\u00f3s-produ\u00e7\u00e3o), desde que seja preservado o protagonismo da crian\u00e7a no processo de cria\u00e7\u00e3o. Os filmes devem ter no m\u00e1ximo 2 (dois) minutos de dura\u00e7\u00e3o.<\/p><p><strong>3.2 Filmes COM crian\u00e7as<br \/><\/strong>Convidamos a inscri\u00e7\u00e3o de produ\u00e7\u00f5es audiovisuais que registram\/narram atividades de pesquisa com crian\u00e7as, privilegiando os contextos das crian\u00e7as e seus pontos de vista. Espera-se receber v\u00eddeos feitos por pesquisadores\/as como estrat\u00e9gia de produ\u00e7\u00e3o de material de pesquisa em estudos realizados com crian\u00e7as. Os filmes devem ter no m\u00e1ximo 5 (cinco) minutos de dura\u00e7\u00e3o.<\/p><ol start=\"4\"><li>Todas as pessoas inscritas no Simp\u00f3sio podem participar da Mostra, desde que estejam dispon\u00edveis para apresentar e debater suas obras. A participa\u00e7\u00e3o das crian\u00e7as \u00e9 facultativa.<\/li><li>Cada proponente poder\u00e1 inscrever um filme (e at\u00e9 3 em co-autoria).<\/li><\/ol><\/div>\n\t\t\t\t<\/div>\n\t\t\t\t\t\t\t<div class=\"elementor-accordion-item\">\n\t\t\t\t\t<div id=\"elementor-tab-title-3823\" class=\"elementor-tab-title\" data-tab=\"3\" role=\"button\" aria-controls=\"elementor-tab-content-3823\" aria-expanded=\"false\">\n\t\t\t\t\t\t\t\t\t\t\t\t\t<span class=\"elementor-accordion-icon elementor-accordion-icon-left\" aria-hidden=\"true\">\n\t\t\t\t\t\t\t\t\t\t\t\t\t\t\t<span class=\"elementor-accordion-icon-closed\"><svg class=\"e-font-icon-svg e-fas-plus\" viewBox=\"0 0 448 512\" xmlns=\"http:\/\/www.w3.org\/2000\/svg\"><path d=\"M416 208H272V64c0-17.67-14.33-32-32-32h-32c-17.67 0-32 14.33-32 32v144H32c-17.67 0-32 14.33-32 32v32c0 17.67 14.33 32 32 32h144v144c0 17.67 14.33 32 32 32h32c17.67 0 32-14.33 32-32V304h144c17.67 0 32-14.33 32-32v-32c0-17.67-14.33-32-32-32z\"><\/path><\/svg><\/span>\n\t\t\t\t\t\t\t\t<span class=\"elementor-accordion-icon-opened\"><svg class=\"e-font-icon-svg e-fas-minus\" viewBox=\"0 0 448 512\" xmlns=\"http:\/\/www.w3.org\/2000\/svg\"><path d=\"M416 208H32c-17.67 0-32 14.33-32 32v32c0 17.67 14.33 32 32 32h384c17.67 0 32-14.33 32-32v-32c0-17.67-14.33-32-32-32z\"><\/path><\/svg><\/span>\n\t\t\t\t\t\t\t\t\t\t\t\t\t\t<\/span>\n\t\t\t\t\t\t\t\t\t\t\t\t<a class=\"elementor-accordion-title\" tabindex=\"0\">Da descri\u00e7\u00e3o<\/a>\n\t\t\t\t\t<\/div>\n\t\t\t\t\t<div id=\"elementor-tab-content-3823\" class=\"elementor-tab-content elementor-clearfix\" data-tab=\"3\" role=\"region\" aria-labelledby=\"elementor-tab-title-3823\"><ol>\n<li>Os filmes podem ser inscritos at\u00e9 o dia 02\/06 \u00e0s 23h59, por meio do preenchimento do formul\u00e1rio de inscri\u00e7\u00e3o:&nbsp;<a href=\"http:\/\/tiny.cc\/mostrainfancias\" target=\"_blank\">http:\/\/tiny.cc\/mostrainfancias<\/a><a href=\"http:\/\/tiny.cc\/mostrainfancias\">.<\/a><\/li>\n<li>No momento da inscri\u00e7\u00e3o deve ser disponibilizado um link para visualiza\u00e7\u00e3o do filme e a senha de acesso, se houver. N\u00e3o ser\u00e3o aceitos links para download, como aqueles gerados pelo Wetransfer ou plataforma similar.<\/li>\n<\/ol>\n<p>2.1 Link e\/ou senha de acesso incorretos, que n\u00e3o permitirem a visualiza\u00e7\u00e3o do filme, poder\u00e3o invalidar a sua inscri\u00e7\u00e3o;<\/p>\n<p>2.2 Caso o arquivo esteja no Google Drive ou outra plataforma com restri\u00e7\u00e3o de compartilhamento \u00e9 necess\u00e1rio deixar marcada a op\u00e7\u00e3o &#8220;Qualquer pessoa com o link&#8221;;<\/p>\n<p>2.3 Filmes em idiomas diferentes de portugu\u00eas dever\u00e3o conter legendas.<\/p>\n<ol start=\"3\">\n<li>No ato da inscri\u00e7\u00e3o, deve ser enviada uma fotografia still (uma fotografia do filme) ou um screenshot (print de tela), em boa resolu\u00e7\u00e3o, que seja ilustrativo do tema do filme para fins de divulga\u00e7\u00e3o das obras selecionadas.<\/li>\n<\/ol>\n<p>3.1 O nome do arquivo n\u00e3o dever\u00e1 conter caracteres especiais, acentos ou cedilha (\u00e7);<\/p>\n<p>3.2 O tamanho do arquivo deve obedecer o m\u00ednimo de 800Kb e m\u00e1ximo de 2MB;<\/p>\n<p>3.3 Ser\u00e3o aceitos apenas os formatos JPG, JPEG e PNG.<\/p>\n<ol start=\"4\">\n<li>No ato da inscri\u00e7\u00e3o a pessoa proponente declara que <strong>\u00e9 detentora de todos os direitos cab\u00edveis<\/strong>, garantindo sua exibi\u00e7\u00e3o na<strong><em> I Mostra Audiovisual Espa\u00e7ostempos das Inf\u00e2ncias<\/em><\/strong>, caso o filme seja selecionado e, que que <strong>todos os elementos ou qualquer tipo de trabalho utilizados no filme inscrito, incluindo a trilha sonora e imagens de arquivo, n\u00e3o violam qualquer direito de uso de imagem ou de propriedade intelectual de terceiros<\/strong>, concordando assim em assumir exclusiva responsabilidade legal por uma eventual reclama\u00e7\u00e3o, a\u00e7\u00e3o judicial ou lit\u00edgio, seja direta ou indiretamente, decorrente da exibi\u00e7\u00e3o ou uso dos trabalho.<\/li>\n<\/ol><\/div>\n\t\t\t\t<\/div>\n\t\t\t\t\t\t\t<div class=\"elementor-accordion-item\">\n\t\t\t\t\t<div id=\"elementor-tab-title-3824\" class=\"elementor-tab-title\" data-tab=\"4\" role=\"button\" aria-controls=\"elementor-tab-content-3824\" aria-expanded=\"false\">\n\t\t\t\t\t\t\t\t\t\t\t\t\t<span class=\"elementor-accordion-icon elementor-accordion-icon-left\" aria-hidden=\"true\">\n\t\t\t\t\t\t\t\t\t\t\t\t\t\t\t<span class=\"elementor-accordion-icon-closed\"><svg class=\"e-font-icon-svg e-fas-plus\" viewBox=\"0 0 448 512\" xmlns=\"http:\/\/www.w3.org\/2000\/svg\"><path d=\"M416 208H272V64c0-17.67-14.33-32-32-32h-32c-17.67 0-32 14.33-32 32v144H32c-17.67 0-32 14.33-32 32v32c0 17.67 14.33 32 32 32h144v144c0 17.67 14.33 32 32 32h32c17.67 0 32-14.33 32-32V304h144c17.67 0 32-14.33 32-32v-32c0-17.67-14.33-32-32-32z\"><\/path><\/svg><\/span>\n\t\t\t\t\t\t\t\t<span class=\"elementor-accordion-icon-opened\"><svg class=\"e-font-icon-svg e-fas-minus\" viewBox=\"0 0 448 512\" xmlns=\"http:\/\/www.w3.org\/2000\/svg\"><path d=\"M416 208H32c-17.67 0-32 14.33-32 32v32c0 17.67 14.33 32 32 32h384c17.67 0 32-14.33 32-32v-32c0-17.67-14.33-32-32-32z\"><\/path><\/svg><\/span>\n\t\t\t\t\t\t\t\t\t\t\t\t\t\t<\/span>\n\t\t\t\t\t\t\t\t\t\t\t\t<a class=\"elementor-accordion-title\" tabindex=\"0\">Da sele\u00e7\u00e3o dos filmes<\/a>\n\t\t\t\t\t<\/div>\n\t\t\t\t\t<div id=\"elementor-tab-content-3824\" class=\"elementor-tab-content elementor-clearfix\" data-tab=\"4\" role=\"region\" aria-labelledby=\"elementor-tab-title-3824\"><ol>\n<li>A comiss\u00e3o de sele\u00e7\u00e3o dos filmes ser\u00e1 constitu\u00edda de membros das comiss\u00f5es de Arte e Cultura, Secretaria e Cient\u00edfica do VI Simp\u00f3sio Luso-Brasileiro em Estudos da Crian\u00e7a e I Simp\u00f3sio Luso-Afro-Brasileiro em Estudos da Crian\u00e7a.<\/li>\n<li>A comiss\u00e3o pretende oportunizar a diversidade de modalidades, abordagens e espa\u00e7ostempos dos filmes inscritos, organizando-os para a exibi\u00e7\u00e3o no Simp\u00f3sio.<\/li>\n<li>O resultado final da sele\u00e7\u00e3o e o cronograma de exibi\u00e7\u00e3o ser\u00e1 divulgado at\u00e9 o dia 15 de julho de 2024.<\/li>\n<\/ol><\/div>\n\t\t\t\t<\/div>\n\t\t\t\t\t\t\t<div class=\"elementor-accordion-item\">\n\t\t\t\t\t<div id=\"elementor-tab-title-3825\" class=\"elementor-tab-title\" data-tab=\"5\" role=\"button\" aria-controls=\"elementor-tab-content-3825\" aria-expanded=\"false\">\n\t\t\t\t\t\t\t\t\t\t\t\t\t<span class=\"elementor-accordion-icon elementor-accordion-icon-left\" aria-hidden=\"true\">\n\t\t\t\t\t\t\t\t\t\t\t\t\t\t\t<span class=\"elementor-accordion-icon-closed\"><svg class=\"e-font-icon-svg e-fas-plus\" viewBox=\"0 0 448 512\" xmlns=\"http:\/\/www.w3.org\/2000\/svg\"><path d=\"M416 208H272V64c0-17.67-14.33-32-32-32h-32c-17.67 0-32 14.33-32 32v144H32c-17.67 0-32 14.33-32 32v32c0 17.67 14.33 32 32 32h144v144c0 17.67 14.33 32 32 32h32c17.67 0 32-14.33 32-32V304h144c17.67 0 32-14.33 32-32v-32c0-17.67-14.33-32-32-32z\"><\/path><\/svg><\/span>\n\t\t\t\t\t\t\t\t<span class=\"elementor-accordion-icon-opened\"><svg class=\"e-font-icon-svg e-fas-minus\" viewBox=\"0 0 448 512\" xmlns=\"http:\/\/www.w3.org\/2000\/svg\"><path d=\"M416 208H32c-17.67 0-32 14.33-32 32v32c0 17.67 14.33 32 32 32h384c17.67 0 32-14.33 32-32v-32c0-17.67-14.33-32-32-32z\"><\/path><\/svg><\/span>\n\t\t\t\t\t\t\t\t\t\t\t\t\t\t<\/span>\n\t\t\t\t\t\t\t\t\t\t\t\t<a class=\"elementor-accordion-title\" tabindex=\"0\"> Informa\u00e7\u00f5es adicionais<\/a>\n\t\t\t\t\t<\/div>\n\t\t\t\t\t<div id=\"elementor-tab-content-3825\" class=\"elementor-tab-content elementor-clearfix\" data-tab=\"5\" role=\"region\" aria-labelledby=\"elementor-tab-title-3825\"><ol><li>A organiza\u00e7\u00e3o do Simp\u00f3sio emitir\u00e1 certificado para os filmes selecionados.<\/li><li>Explica\u00e7\u00f5es e informa\u00e7\u00f5es adicionais acerca do conte\u00fado da Mostra podem ser enviadas para o endere\u00e7o eletr\u00f4nico <u>lusoafrobrasileiro6@gmail.com<\/u>.<\/li><\/ol><\/div>\n\t\t\t\t<\/div>\n\t\t\t\t\t\t\t<div class=\"elementor-accordion-item\">\n\t\t\t\t\t<div id=\"elementor-tab-title-3826\" class=\"elementor-tab-title\" data-tab=\"6\" role=\"button\" aria-controls=\"elementor-tab-content-3826\" aria-expanded=\"false\">\n\t\t\t\t\t\t\t\t\t\t\t\t\t<span class=\"elementor-accordion-icon elementor-accordion-icon-left\" aria-hidden=\"true\">\n\t\t\t\t\t\t\t\t\t\t\t\t\t\t\t<span class=\"elementor-accordion-icon-closed\"><svg class=\"e-font-icon-svg e-fas-plus\" viewBox=\"0 0 448 512\" xmlns=\"http:\/\/www.w3.org\/2000\/svg\"><path d=\"M416 208H272V64c0-17.67-14.33-32-32-32h-32c-17.67 0-32 14.33-32 32v144H32c-17.67 0-32 14.33-32 32v32c0 17.67 14.33 32 32 32h144v144c0 17.67 14.33 32 32 32h32c17.67 0 32-14.33 32-32V304h144c17.67 0 32-14.33 32-32v-32c0-17.67-14.33-32-32-32z\"><\/path><\/svg><\/span>\n\t\t\t\t\t\t\t\t<span class=\"elementor-accordion-icon-opened\"><svg class=\"e-font-icon-svg e-fas-minus\" viewBox=\"0 0 448 512\" xmlns=\"http:\/\/www.w3.org\/2000\/svg\"><path d=\"M416 208H32c-17.67 0-32 14.33-32 32v32c0 17.67 14.33 32 32 32h384c17.67 0 32-14.33 32-32v-32c0-17.67-14.33-32-32-32z\"><\/path><\/svg><\/span>\n\t\t\t\t\t\t\t\t\t\t\t\t\t\t<\/span>\n\t\t\t\t\t\t\t\t\t\t\t\t<a class=\"elementor-accordion-title\" tabindex=\"0\">Submeter proposta<\/a>\n\t\t\t\t\t<\/div>\n\t\t\t\t\t<div id=\"elementor-tab-content-3826\" class=\"elementor-tab-content elementor-clearfix\" data-tab=\"6\" role=\"region\" aria-labelledby=\"elementor-tab-title-3826\"><p>Para a submiss\u00e3o de filmes, acesse:&nbsp;<a href=\"http:\/\/tiny.cc\/mostrainfancias\" target=\"_blank\">http:\/\/tiny.cc\/mostrainfancias<\/a>.&nbsp;<\/p><\/div>\n\t\t\t\t<\/div>\n\t\t\t\t\t\t\t\t<\/div>\n\t\t\t\t\t\t<\/div>\n\t\t\t\t<\/div>\n\t\t\t\t\t<\/div>\n\t\t\t\t<\/div>\n\t\t\t\t\t<\/div>\n\t\t\t\t<\/div>\n\t\t\t\t<\/div>\n\t\t","protected":false},"excerpt":{"rendered":"<p>\/*! elementor &#8211; v3.19.0 &#8211; 07-02-2024 *\/ .elementor-heading-title{padding:0;margin:0;line-height:1}.elementor-widget-heading .elementor-heading-title[class*=elementor-size-]&gt;a{color:inherit;font-size:inherit;line-height:inherit}.elementor-widget-heading .elementor-heading-title.elementor-size-small{font-size:15px}.elementor-widget-heading .elementor-heading-title.elementor-size-medium{font-size:19px}.elementor-widget-heading .elementor-heading-title.elementor-size-large{font-size:29px}.elementor-widget-heading .elementor-heading-title.elementor-size-xl{font-size:39px}.elementor-widget-heading .elementor-heading-title.elementor-size-xxl{font-size:59px} I Mostra Audiovisual Espa\u00e7ostempos das Inf\u00e2ncias \/*! elementor &#8211; v3.19.0 &#8211; 07-02-2024 *\/ .elementor-widget-divider{&#8211;divider-border-style:none;&#8211;divider-border-width:1px;&#8211;divider-color:#0c0d0e;&#8211;divider-icon-size:20px;&#8211;divider-element-spacing:10px;&#8211;divider-pattern-height:24px;&#8211;divider-pattern-size:20px;&#8211;divider-pattern-url:none;&#8211;divider-pattern-repeat:repeat-x}.elementor-widget-divider .elementor-divider{display:flex}.elementor-widget-divider .elementor-divider__text{font-size:15px;line-height:1;max-width:95%}.elementor-widget-divider .elementor-divider__element{margin:0 var(&#8211;divider-element-spacing);flex-shrink:0}.elementor-widget-divider .elementor-icon{font-size:var(&#8211;divider-icon-size)}.elementor-widget-divider .elementor-divider-separator{display:flex;margin:0;direction:ltr}.elementor-widget-divider&#8211;view-line_icon .elementor-divider-separator,.elementor-widget-divider&#8211;view-line_text .elementor-divider-separator{align-items:center}.elementor-widget-divider&#8211;view-line_icon .elementor-divider-separator:after,.elementor-widget-divider&#8211;view-line_icon .elementor-divider-separator:before,.elementor-widget-divider&#8211;view-line_text .elementor-divider-separator:after,.elementor-widget-divider&#8211;view-line_text .elementor-divider-separator:before{display:block;content:&#8221;&#8221;;border-block-end:0;flex-grow:1;border-block-start:var(&#8211;divider-border-width) var(&#8211;divider-border-style) var(&#8211;divider-color)}.elementor-widget-divider&#8211;element-align-left .elementor-divider .elementor-divider-separator&gt;.elementor-divider__svg:first-of-type{flex-grow:0;flex-shrink:100}.elementor-widget-divider&#8211;element-align-left .elementor-divider-separator:before{content:none}.elementor-widget-divider&#8211;element-align-left .elementor-divider__element{margin-left:0}.elementor-widget-divider&#8211;element-align-right .elementor-divider .elementor-divider-separator&gt;.elementor-divider__svg:last-of-type{flex-grow:0;flex-shrink:100}.elementor-widget-divider&#8211;element-align-right .elementor-divider-separator:after{content:none}.elementor-widget-divider&#8211;element-align-right .elementor-divider__element{margin-right:0}.elementor-widget-divider&#8211;element-align-start .elementor-divider .elementor-divider-separator&gt;.elementor-divider__svg:first-of-type{flex-grow:0;flex-shrink:100}.elementor-widget-divider&#8211;element-align-start .elementor-divider-separator:before{content:none}.elementor-widget-divider&#8211;element-align-start .elementor-divider__element{margin-inline-start:0}.elementor-widget-divider&#8211;element-align-end .elementor-divider [&hellip;]<\/p>\n","protected":false},"author":1,"featured_media":0,"parent":0,"menu_order":0,"comment_status":"closed","ping_status":"closed","template":"elementor_header_footer","meta":{"footnotes":""},"class_list":["post-671","page","type-page","status-publish","hentry"],"_links":{"self":[{"href":"https:\/\/estudosdacrianca.org\/simposio2024\/wp-json\/wp\/v2\/pages\/671","targetHints":{"allow":["GET"]}}],"collection":[{"href":"https:\/\/estudosdacrianca.org\/simposio2024\/wp-json\/wp\/v2\/pages"}],"about":[{"href":"https:\/\/estudosdacrianca.org\/simposio2024\/wp-json\/wp\/v2\/types\/page"}],"author":[{"embeddable":true,"href":"https:\/\/estudosdacrianca.org\/simposio2024\/wp-json\/wp\/v2\/users\/1"}],"replies":[{"embeddable":true,"href":"https:\/\/estudosdacrianca.org\/simposio2024\/wp-json\/wp\/v2\/comments?post=671"}],"version-history":[{"count":22,"href":"https:\/\/estudosdacrianca.org\/simposio2024\/wp-json\/wp\/v2\/pages\/671\/revisions"}],"predecessor-version":[{"id":951,"href":"https:\/\/estudosdacrianca.org\/simposio2024\/wp-json\/wp\/v2\/pages\/671\/revisions\/951"}],"wp:attachment":[{"href":"https:\/\/estudosdacrianca.org\/simposio2024\/wp-json\/wp\/v2\/media?parent=671"}],"curies":[{"name":"wp","href":"https:\/\/api.w.org\/{rel}","templated":true}]}}