{"id":571,"date":"2024-02-28T20:20:34","date_gmt":"2024-02-28T23:20:34","guid":{"rendered":"https:\/\/estudosdacrianca.org\/simposio2024\/?page_id=571"},"modified":"2024-08-18T13:37:16","modified_gmt":"2024-08-18T16:37:16","slug":"agenda","status":"publish","type":"page","link":"https:\/\/estudosdacrianca.org\/simposio2024\/agenda\/","title":{"rendered":"Agenda"},"content":{"rendered":"\t\t<div data-elementor-type=\"wp-page\" data-elementor-id=\"571\" class=\"elementor elementor-571\" data-elementor-post-type=\"page\">\n\t\t\t\t<div class=\"elementor-element elementor-element-7364953 e-flex e-con-boxed e-con e-parent\" data-id=\"7364953\" data-element_type=\"container\" data-e-type=\"container\" data-settings=\"{&quot;background_background&quot;:&quot;classic&quot;}\">\n\t\t\t\t\t<div class=\"e-con-inner\">\n\t\t<div class=\"elementor-element elementor-element-e981d7a e-flex e-con-boxed e-con e-child\" data-id=\"e981d7a\" data-element_type=\"container\" data-e-type=\"container\" data-settings=\"{&quot;background_background&quot;:&quot;classic&quot;}\">\n\t\t\t\t\t<div class=\"e-con-inner\">\n\t\t\t\t<div class=\"elementor-element elementor-element-1c8845f elementor-widget elementor-widget-heading\" data-id=\"1c8845f\" data-element_type=\"widget\" data-e-type=\"widget\" data-widget_type=\"heading.default\">\n\t\t\t\t<div class=\"elementor-widget-container\">\n\t\t\t\t\t<h2 class=\"elementor-heading-title elementor-size-default\">Agenda<\/h2>\t\t\t\t<\/div>\n\t\t\t\t<\/div>\n\t\t\t\t<div class=\"elementor-element elementor-element-bc377ab elementor-widget-divider--view-line elementor-widget elementor-widget-divider\" data-id=\"bc377ab\" data-element_type=\"widget\" data-e-type=\"widget\" data-widget_type=\"divider.default\">\n\t\t\t\t<div class=\"elementor-widget-container\">\n\t\t\t\t\t\t\t<div class=\"elementor-divider\">\n\t\t\t<span class=\"elementor-divider-separator\">\n\t\t\t\t\t\t<\/span>\n\t\t<\/div>\n\t\t\t\t\t\t<\/div>\n\t\t\t\t<\/div>\n\t\t\t\t<div class=\"elementor-element elementor-element-3d8359b elementor-widget elementor-widget-text-editor\" data-id=\"3d8359b\" data-element_type=\"widget\" data-e-type=\"widget\" data-widget_type=\"text-editor.default\">\n\t\t\t\t<div class=\"elementor-widget-container\">\n\t\t\t\t\t\t\t\t\t<p><b>Submiss\u00e3o de trabalhos (Comunica\u00e7\u00f5es Orais; Oficinas; Mostra de Filmes; Lan\u00e7amento de Livros)<\/b><\/p>\n<p>At\u00e9 23 de junho de 2024 [23:59h]<\/p>\n<p><b>Aprecia\u00e7\u00e3o pelo Comit\u00ea Cient\u00edfico<\/b><\/p>\n<p>At\u00e9 12 de julho de 2024<\/p>\n<p><b>Divulga\u00e7\u00e3o das avalia\u00e7\u00f5es<\/b><\/p>\n<p>Em 15 de julho de 2024&nbsp;<\/p>\n<p><b>Recursos<\/b><\/p>\n<p>De 16 a 19 de julho de 2024 [23:59h]<\/p>\n<p><b>Resultado dos recursos<\/b><\/p>\n<p>At\u00e9 22 de julho de 2024<\/p>\n<p><b>Divulga\u00e7\u00e3o da programa\u00e7\u00e3o dos trabalhos aprovados<\/b><\/p>\n<p>26 de julho de 2024<\/p>\n<p><b>Envio de trabalhos completos para os Anais [opcional]&nbsp;<\/b><\/p>\n<p>At\u00e9 25 de agosto de 2024<\/p>\n<p><b style=\"text-align: var(--text-align)\">Per\u00edodo do evento<\/b><\/p>\n<p>De 26 a 30 de agosto de 2024<\/p>\t\t\t\t\t\t\t\t<\/div>\n\t\t\t\t<\/div>\n\t\t\t\t\t<\/div>\n\t\t\t\t<\/div>\n\t\t\t\t\t<\/div>\n\t\t\t\t<\/div>\n\t\t\t\t<\/div>\n\t\t","protected":false},"excerpt":{"rendered":"<p>\/*! elementor &#8211; v3.23.0 &#8211; 05-08-2024 *\/ .elementor-widget-divider{&#8211;divider-border-style:none;&#8211;divider-border-width:1px;&#8211;divider-color:#0c0d0e;&#8211;divider-icon-size:20px;&#8211;divider-element-spacing:10px;&#8211;divider-pattern-height:24px;&#8211;divider-pattern-size:20px;&#8211;divider-pattern-url:none;&#8211;divider-pattern-repeat:repeat-x}.elementor-widget-divider .elementor-divider{display:flex}.elementor-widget-divider .elementor-divider__text{font-size:15px;line-height:1;max-width:95%}.elementor-widget-divider .elementor-divider__element{margin:0 var(&#8211;divider-element-spacing);flex-shrink:0}.elementor-widget-divider .elementor-icon{font-size:var(&#8211;divider-icon-size)}.elementor-widget-divider .elementor-divider-separator{display:flex;margin:0;direction:ltr}.elementor-widget-divider&#8211;view-line_icon .elementor-divider-separator,.elementor-widget-divider&#8211;view-line_text .elementor-divider-separator{align-items:center}.elementor-widget-divider&#8211;view-line_icon .elementor-divider-separator:after,.elementor-widget-divider&#8211;view-line_icon .elementor-divider-separator:before,.elementor-widget-divider&#8211;view-line_text .elementor-divider-separator:after,.elementor-widget-divider&#8211;view-line_text .elementor-divider-separator:before{display:block;content:&#8221;&#8221;;border-block-end:0;flex-grow:1;border-block-start:var(&#8211;divider-border-width) var(&#8211;divider-border-style) var(&#8211;divider-color)}.elementor-widget-divider&#8211;element-align-left .elementor-divider .elementor-divider-separator&gt;.elementor-divider__svg:first-of-type{flex-grow:0;flex-shrink:100}.elementor-widget-divider&#8211;element-align-left .elementor-divider-separator:before{content:none}.elementor-widget-divider&#8211;element-align-left .elementor-divider__element{margin-left:0}.elementor-widget-divider&#8211;element-align-right .elementor-divider .elementor-divider-separator&gt;.elementor-divider__svg:last-of-type{flex-grow:0;flex-shrink:100}.elementor-widget-divider&#8211;element-align-right .elementor-divider-separator:after{content:none}.elementor-widget-divider&#8211;element-align-right .elementor-divider__element{margin-right:0}.elementor-widget-divider&#8211;element-align-start .elementor-divider .elementor-divider-separator&gt;.elementor-divider__svg:first-of-type{flex-grow:0;flex-shrink:100}.elementor-widget-divider&#8211;element-align-start .elementor-divider-separator:before{content:none}.elementor-widget-divider&#8211;element-align-start .elementor-divider__element{margin-inline-start:0}.elementor-widget-divider&#8211;element-align-end .elementor-divider .elementor-divider-separator&gt;.elementor-divider__svg:last-of-type{flex-grow:0;flex-shrink:100}.elementor-widget-divider&#8211;element-align-end .elementor-divider-separator:after{content:none}.elementor-widget-divider&#8211;element-align-end .elementor-divider__element{margin-inline-end:0}.elementor-widget-divider:not(.elementor-widget-divider&#8211;view-line_text):not(.elementor-widget-divider&#8211;view-line_icon) .elementor-divider-separator{border-block-start:var(&#8211;divider-border-width) var(&#8211;divider-border-style) var(&#8211;divider-color)}.elementor-widget-divider&#8211;separator-type-pattern{&#8211;divider-border-style:none}.elementor-widget-divider&#8211;separator-type-pattern.elementor-widget-divider&#8211;view-line .elementor-divider-separator,.elementor-widget-divider&#8211;separator-type-pattern:not(.elementor-widget-divider&#8211;view-line) .elementor-divider-separator:after,.elementor-widget-divider&#8211;separator-type-pattern:not(.elementor-widget-divider&#8211;view-line) .elementor-divider-separator:before,.elementor-widget-divider&#8211;separator-type-pattern:not([class*=elementor-widget-divider&#8211;view]) .elementor-divider-separator{width:100%;min-height:var(&#8211;divider-pattern-height);-webkit-mask-size:var(&#8211;divider-pattern-size) 100%;mask-size:var(&#8211;divider-pattern-size) 100%;-webkit-mask-repeat:var(&#8211;divider-pattern-repeat);mask-repeat:var(&#8211;divider-pattern-repeat);background-color:var(&#8211;divider-color);-webkit-mask-image:var(&#8211;divider-pattern-url);mask-image:var(&#8211;divider-pattern-url)}.elementor-widget-divider&#8211;no-spacing{&#8211;divider-pattern-size:auto}.elementor-widget-divider&#8211;bg-round{&#8211;divider-pattern-repeat:round}.rtl .elementor-widget-divider .elementor-divider__text{direction:rtl}.e-con-inner&gt;.elementor-widget-divider,.e-con&gt;.elementor-widget-divider{width:var(&#8211;container-widget-width,100%);&#8211;flex-grow:var(&#8211;container-widget-flex-grow)} Submiss\u00e3o de trabalhos (Comunica\u00e7\u00f5es Orais; Oficinas; [&hellip;]<\/p>\n","protected":false},"author":1,"featured_media":0,"parent":0,"menu_order":0,"comment_status":"closed","ping_status":"closed","template":"elementor_header_footer","meta":{"footnotes":""},"class_list":["post-571","page","type-page","status-publish","hentry"],"_links":{"self":[{"href":"https:\/\/estudosdacrianca.org\/simposio2024\/wp-json\/wp\/v2\/pages\/571","targetHints":{"allow":["GET"]}}],"collection":[{"href":"https:\/\/estudosdacrianca.org\/simposio2024\/wp-json\/wp\/v2\/pages"}],"about":[{"href":"https:\/\/estudosdacrianca.org\/simposio2024\/wp-json\/wp\/v2\/types\/page"}],"author":[{"embeddable":true,"href":"https:\/\/estudosdacrianca.org\/simposio2024\/wp-json\/wp\/v2\/users\/1"}],"replies":[{"embeddable":true,"href":"https:\/\/estudosdacrianca.org\/simposio2024\/wp-json\/wp\/v2\/comments?post=571"}],"version-history":[{"count":28,"href":"https:\/\/estudosdacrianca.org\/simposio2024\/wp-json\/wp\/v2\/pages\/571\/revisions"}],"predecessor-version":[{"id":1408,"href":"https:\/\/estudosdacrianca.org\/simposio2024\/wp-json\/wp\/v2\/pages\/571\/revisions\/1408"}],"wp:attachment":[{"href":"https:\/\/estudosdacrianca.org\/simposio2024\/wp-json\/wp\/v2\/media?parent=571"}],"curies":[{"name":"wp","href":"https:\/\/api.w.org\/{rel}","templated":true}]}}