{"id":496,"date":"2024-02-19T12:10:48","date_gmt":"2024-02-19T15:10:48","guid":{"rendered":"https:\/\/estudosdacrianca.org\/simposio2024\/?page_id=496"},"modified":"2024-08-20T14:48:31","modified_gmt":"2024-08-20T17:48:31","slug":"comunicacoes-orais","status":"publish","type":"page","link":"https:\/\/estudosdacrianca.org\/simposio2024\/comunicacoes-orais\/","title":{"rendered":"Comunica\u00e7\u00f5es Orais"},"content":{"rendered":"\t\t<div data-elementor-type=\"wp-page\" data-elementor-id=\"496\" class=\"elementor elementor-496\" data-elementor-post-type=\"page\">\n\t\t\t\t<div class=\"elementor-element elementor-element-7364953 e-flex e-con-boxed e-con e-parent\" data-id=\"7364953\" data-element_type=\"container\" data-e-type=\"container\" data-settings=\"{&quot;background_background&quot;:&quot;classic&quot;}\">\n\t\t\t\t\t<div class=\"e-con-inner\">\n\t\t<div class=\"elementor-element elementor-element-e981d7a e-flex e-con-boxed e-con e-child\" data-id=\"e981d7a\" data-element_type=\"container\" data-e-type=\"container\" data-settings=\"{&quot;background_background&quot;:&quot;classic&quot;}\">\n\t\t\t\t\t<div class=\"e-con-inner\">\n\t\t\t\t<div class=\"elementor-element elementor-element-1c8845f elementor-widget elementor-widget-heading\" data-id=\"1c8845f\" data-element_type=\"widget\" data-e-type=\"widget\" data-widget_type=\"heading.default\">\n\t\t\t\t<div class=\"elementor-widget-container\">\n\t\t\t\t\t<h2 class=\"elementor-heading-title elementor-size-default\">Comunica\u00e7\u00f5es Orais<\/h2>\t\t\t\t<\/div>\n\t\t\t\t<\/div>\n\t\t\t\t<div class=\"elementor-element elementor-element-bc377ab elementor-widget-divider--view-line elementor-widget elementor-widget-divider\" data-id=\"bc377ab\" data-element_type=\"widget\" data-e-type=\"widget\" data-widget_type=\"divider.default\">\n\t\t\t\t<div class=\"elementor-widget-container\">\n\t\t\t\t\t\t\t<div class=\"elementor-divider\">\n\t\t\t<span class=\"elementor-divider-separator\">\n\t\t\t\t\t\t<\/span>\n\t\t<\/div>\n\t\t\t\t\t\t<\/div>\n\t\t\t\t<\/div>\n\t\t\t\t<div class=\"elementor-element elementor-element-2ce8cb9 elementor-widget elementor-widget-heading\" data-id=\"2ce8cb9\" data-element_type=\"widget\" data-e-type=\"widget\" data-widget_type=\"heading.default\">\n\t\t\t\t<div class=\"elementor-widget-container\">\n\t\t\t\t\t<h2 class=\"elementor-heading-title elementor-size-default\">ORIENTA\u00c7\u00d5ES E NORMAS PARA SUBMISS\u00c3O DE COMUNICA\u00c7\u00d5ES ORAIS:<\/h2>\t\t\t\t<\/div>\n\t\t\t\t<\/div>\n\t\t\t\t<div class=\"elementor-element elementor-element-3d8359b elementor-widget elementor-widget-text-editor\" data-id=\"3d8359b\" data-element_type=\"widget\" data-e-type=\"widget\" data-widget_type=\"text-editor.default\">\n\t\t\t\t<div class=\"elementor-widget-container\">\n\t\t\t\t\t\t\t\t\t<p>Os\/as participantes interessados\/as em enviar trabalhos para serem apresentados nos espa\u00e7os de Comunica\u00e7\u00f5es Orais do Simp\u00f3sio devem observar as seguintes orienta\u00e7\u00f5es:<\/p>\n<ol>\n<li>Estar inclu\u00eddos em um dos oito eixos tem\u00e1ticos: 1.Inf\u00e2ncia, cultura, natureza e forma\u00e7\u00e3o est\u00e9tica; 2. Racismo, necropol\u00edtica e inf\u00e2ncia; 3. Inf\u00e2ncias, m\u00eddias e cibercultura; 4. Audiovisualidades nas pesquisas com crian\u00e7as: quest\u00f5es \u00e9ticas e metodol\u00f3gicas; 5. Crian\u00e7as e subjetividades: dimens\u00f5es m\u00faltiplas de exist\u00eancia; 6. Inf\u00e2ncias contracoloniais, territ\u00f3rios e deslocamentos: rela\u00e7\u00e3o campo\/cidade\/periferia; 7. Pol\u00edticas e direitos das crian\u00e7as: pol\u00edticas p\u00fablicas para inf\u00e2ncia, direitos das crian\u00e7as e participa\u00e7\u00e3o social; 8. Crian\u00e7as, escola, fam\u00edlia e outras institui\u00e7\u00f5es.<\/li>\n<li>Ter no m\u00e1ximo 3 autores\/as assinando o trabalho. Aten\u00e7\u00e3o: cada autor\/a poder\u00e1 submeter at\u00e9 dois trabalhos, um como autor\/a principal e outro na condi\u00e7\u00e3o de coautor\/a. Para receber o certificado de apresenta\u00e7\u00e3o de trabalho, \u00e9 preciso estar inscrito\/a no evento.<\/li>\n<li>Os resumos dever\u00e3o conter entre 2 mil e 3 mil caracteres (com espa\u00e7o) e 4 palavras-chave, com indica\u00e7\u00e3o precisa do tema abordado, problema, objetivos, metodologia e resultados alcan\u00e7ados (as refer\u00eancias e as palavras-chave n\u00e3o contam como caracteres). Podem ser submetidos Relatos de Experi\u00eancia;<\/li>\n<li>Os resumos submetidos dever\u00e3o seguir o modelo do template dispon\u00edvel&nbsp;<a href=\"https:\/\/estudosdacrianca.org\/simposio2024\/wp-content\/uploads\/sites\/2\/2024\/03\/comunicacoesorais-modelopadrao-simposio2024-1.docx\" target=\"_blank\">aqui<\/a>;<\/li>\n<li>O arquivo deve ser enviado atrav\u00e9s do sistema de inscri\u00e7\u00f5es at\u00e9 a data limite especificada pela Comiss\u00e3o Organizadora do evento;&nbsp;<br><\/li>\n<li>Todos os resumos apresentados no Simp\u00f3sio ser\u00e3o publicados nos Anais do evento. H\u00e1 tamb\u00e9m a possibilidade da publica\u00e7\u00e3o do trabalho completo. Para tanto, o\/a participante que tiver seu resumo expandido aprovado ter\u00e1 at\u00e9 o dia 25 de agosto para enviar o trabalho completo para o email da secretaria do Simp\u00f3sio: lusoafrobrasileiro6@gmail.com. O trabalho completo deve estar formatado de acordo com o modelo do template dispon\u00edvel&nbsp;<a href=\"https:\/\/estudosdacrianca.org\/simposio2024\/wp-content\/uploads\/sites\/2\/2024\/04\/comunicacoesorais-modelopadrao-simposio2024.trabalhocompleto.docx\" target=\"_blank\">aqui<\/a>.&nbsp;<\/li>\n<li>Todos os trabalhos inscritos ser\u00e3o distribu\u00eddos pela Comiss\u00e3o Organizadora do evento em um dos tr\u00eas dias dispon\u00edveis para a apresenta\u00e7\u00e3o das Comunica\u00e7\u00f5es Orais: segunda-feira (26 de agosto), das 14h \u00e0s 18h; ter\u00e7a-feira (27 de agosto), das 14h \u00e0s 18h; e quinta-feira (29 de agosto), das 14h \u00e0s 18h;<\/li>\n<li>Qualquer d\u00favida, entre em contato pelo e-mail: lusoafrobrasileiro6@gmail.com&nbsp;&nbsp;<br><h4 style=\"font-family: Roboto, sans-serif;text-align: center\"><a href=\"https:\/\/doity.com.br\/estudosdacrianca2024\/artigos?modelo=4688#m\" target=\"_blank\">Submeter Proposta<\/a><br><\/h4>\n<\/li>\n<\/ol>\t\t\t\t\t\t\t\t<\/div>\n\t\t\t\t<\/div>\n\t\t\t\t\t<\/div>\n\t\t\t\t<\/div>\n\t\t\t\t\t<\/div>\n\t\t\t\t<\/div>\n\t\t\t\t<\/div>\n\t\t","protected":false},"excerpt":{"rendered":"<p>\/*! elementor &#8211; v3.23.0 &#8211; 05-08-2024 *\/ .elementor-widget-divider{&#8211;divider-border-style:none;&#8211;divider-border-width:1px;&#8211;divider-color:#0c0d0e;&#8211;divider-icon-size:20px;&#8211;divider-element-spacing:10px;&#8211;divider-pattern-height:24px;&#8211;divider-pattern-size:20px;&#8211;divider-pattern-url:none;&#8211;divider-pattern-repeat:repeat-x}.elementor-widget-divider .elementor-divider{display:flex}.elementor-widget-divider .elementor-divider__text{font-size:15px;line-height:1;max-width:95%}.elementor-widget-divider .elementor-divider__element{margin:0 var(&#8211;divider-element-spacing);flex-shrink:0}.elementor-widget-divider .elementor-icon{font-size:var(&#8211;divider-icon-size)}.elementor-widget-divider .elementor-divider-separator{display:flex;margin:0;direction:ltr}.elementor-widget-divider&#8211;view-line_icon .elementor-divider-separator,.elementor-widget-divider&#8211;view-line_text .elementor-divider-separator{align-items:center}.elementor-widget-divider&#8211;view-line_icon .elementor-divider-separator:after,.elementor-widget-divider&#8211;view-line_icon .elementor-divider-separator:before,.elementor-widget-divider&#8211;view-line_text .elementor-divider-separator:after,.elementor-widget-divider&#8211;view-line_text .elementor-divider-separator:before{display:block;content:&#8221;&#8221;;border-block-end:0;flex-grow:1;border-block-start:var(&#8211;divider-border-width) var(&#8211;divider-border-style) var(&#8211;divider-color)}.elementor-widget-divider&#8211;element-align-left .elementor-divider .elementor-divider-separator&gt;.elementor-divider__svg:first-of-type{flex-grow:0;flex-shrink:100}.elementor-widget-divider&#8211;element-align-left .elementor-divider-separator:before{content:none}.elementor-widget-divider&#8211;element-align-left .elementor-divider__element{margin-left:0}.elementor-widget-divider&#8211;element-align-right .elementor-divider .elementor-divider-separator&gt;.elementor-divider__svg:last-of-type{flex-grow:0;flex-shrink:100}.elementor-widget-divider&#8211;element-align-right .elementor-divider-separator:after{content:none}.elementor-widget-divider&#8211;element-align-right .elementor-divider__element{margin-right:0}.elementor-widget-divider&#8211;element-align-start .elementor-divider .elementor-divider-separator&gt;.elementor-divider__svg:first-of-type{flex-grow:0;flex-shrink:100}.elementor-widget-divider&#8211;element-align-start .elementor-divider-separator:before{content:none}.elementor-widget-divider&#8211;element-align-start .elementor-divider__element{margin-inline-start:0}.elementor-widget-divider&#8211;element-align-end .elementor-divider .elementor-divider-separator&gt;.elementor-divider__svg:last-of-type{flex-grow:0;flex-shrink:100}.elementor-widget-divider&#8211;element-align-end .elementor-divider-separator:after{content:none}.elementor-widget-divider&#8211;element-align-end .elementor-divider__element{margin-inline-end:0}.elementor-widget-divider:not(.elementor-widget-divider&#8211;view-line_text):not(.elementor-widget-divider&#8211;view-line_icon) .elementor-divider-separator{border-block-start:var(&#8211;divider-border-width) var(&#8211;divider-border-style) var(&#8211;divider-color)}.elementor-widget-divider&#8211;separator-type-pattern{&#8211;divider-border-style:none}.elementor-widget-divider&#8211;separator-type-pattern.elementor-widget-divider&#8211;view-line .elementor-divider-separator,.elementor-widget-divider&#8211;separator-type-pattern:not(.elementor-widget-divider&#8211;view-line) .elementor-divider-separator:after,.elementor-widget-divider&#8211;separator-type-pattern:not(.elementor-widget-divider&#8211;view-line) .elementor-divider-separator:before,.elementor-widget-divider&#8211;separator-type-pattern:not([class*=elementor-widget-divider&#8211;view]) .elementor-divider-separator{width:100%;min-height:var(&#8211;divider-pattern-height);-webkit-mask-size:var(&#8211;divider-pattern-size) 100%;mask-size:var(&#8211;divider-pattern-size) 100%;-webkit-mask-repeat:var(&#8211;divider-pattern-repeat);mask-repeat:var(&#8211;divider-pattern-repeat);background-color:var(&#8211;divider-color);-webkit-mask-image:var(&#8211;divider-pattern-url);mask-image:var(&#8211;divider-pattern-url)}.elementor-widget-divider&#8211;no-spacing{&#8211;divider-pattern-size:auto}.elementor-widget-divider&#8211;bg-round{&#8211;divider-pattern-repeat:round}.rtl .elementor-widget-divider .elementor-divider__text{direction:rtl}.e-con-inner&gt;.elementor-widget-divider,.e-con&gt;.elementor-widget-divider{width:var(&#8211;container-widget-width,100%);&#8211;flex-grow:var(&#8211;container-widget-flex-grow)} \/*! elementor &#8211; v3.23.0 &#8211; 05-08-2024 [&hellip;]<\/p>\n","protected":false},"author":1,"featured_media":0,"parent":0,"menu_order":0,"comment_status":"closed","ping_status":"closed","template":"elementor_header_footer","meta":{"footnotes":""},"class_list":["post-496","page","type-page","status-publish","hentry"],"_links":{"self":[{"href":"https:\/\/estudosdacrianca.org\/simposio2024\/wp-json\/wp\/v2\/pages\/496","targetHints":{"allow":["GET"]}}],"collection":[{"href":"https:\/\/estudosdacrianca.org\/simposio2024\/wp-json\/wp\/v2\/pages"}],"about":[{"href":"https:\/\/estudosdacrianca.org\/simposio2024\/wp-json\/wp\/v2\/types\/page"}],"author":[{"embeddable":true,"href":"https:\/\/estudosdacrianca.org\/simposio2024\/wp-json\/wp\/v2\/users\/1"}],"replies":[{"embeddable":true,"href":"https:\/\/estudosdacrianca.org\/simposio2024\/wp-json\/wp\/v2\/comments?post=496"}],"version-history":[{"count":46,"href":"https:\/\/estudosdacrianca.org\/simposio2024\/wp-json\/wp\/v2\/pages\/496\/revisions"}],"predecessor-version":[{"id":1418,"href":"https:\/\/estudosdacrianca.org\/simposio2024\/wp-json\/wp\/v2\/pages\/496\/revisions\/1418"}],"wp:attachment":[{"href":"https:\/\/estudosdacrianca.org\/simposio2024\/wp-json\/wp\/v2\/media?parent=496"}],"curies":[{"name":"wp","href":"https:\/\/api.w.org\/{rel}","templated":true}]}}