{"id":365,"date":"2024-01-24T17:19:47","date_gmt":"2024-01-24T20:19:47","guid":{"rendered":"https:\/\/estudosdacrianca.org\/simposio2024\/?page_id=365"},"modified":"2024-08-06T12:59:58","modified_gmt":"2024-08-06T15:59:58","slug":"organizacao","status":"publish","type":"page","link":"https:\/\/estudosdacrianca.org\/simposio2024\/organizacao\/","title":{"rendered":"Organiza\u00e7\u00e3o"},"content":{"rendered":"\t\t<div data-elementor-type=\"wp-page\" data-elementor-id=\"365\" class=\"elementor elementor-365\" data-elementor-post-type=\"page\">\n\t\t\t\t<div class=\"elementor-element elementor-element-7364953 e-flex e-con-boxed e-con e-parent\" data-id=\"7364953\" data-element_type=\"container\" data-e-type=\"container\" data-settings=\"{&quot;background_background&quot;:&quot;classic&quot;}\">\n\t\t\t\t\t<div class=\"e-con-inner\">\n\t\t<div class=\"elementor-element elementor-element-e981d7a e-flex e-con-boxed e-con e-child\" data-id=\"e981d7a\" data-element_type=\"container\" data-e-type=\"container\" data-settings=\"{&quot;background_background&quot;:&quot;classic&quot;}\">\n\t\t\t\t\t<div class=\"e-con-inner\">\n\t\t\t\t<div class=\"elementor-element elementor-element-1c8845f elementor-widget elementor-widget-heading\" data-id=\"1c8845f\" data-element_type=\"widget\" data-e-type=\"widget\" data-widget_type=\"heading.default\">\n\t\t\t\t<div class=\"elementor-widget-container\">\n\t\t\t\t\t<h2 class=\"elementor-heading-title elementor-size-default\">Organiza\u00e7\u00e3o<\/h2>\t\t\t\t<\/div>\n\t\t\t\t<\/div>\n\t\t\t\t<div class=\"elementor-element elementor-element-bc377ab elementor-widget-divider--view-line elementor-widget elementor-widget-divider\" data-id=\"bc377ab\" data-element_type=\"widget\" data-e-type=\"widget\" data-widget_type=\"divider.default\">\n\t\t\t\t<div class=\"elementor-widget-container\">\n\t\t\t\t\t\t\t<div class=\"elementor-divider\">\n\t\t\t<span class=\"elementor-divider-separator\">\n\t\t\t\t\t\t<\/span>\n\t\t<\/div>\n\t\t\t\t\t\t<\/div>\n\t\t\t\t<\/div>\n\t\t\t\t<div class=\"elementor-element elementor-element-3d8359b elementor-widget elementor-widget-text-editor\" data-id=\"3d8359b\" data-element_type=\"widget\" data-e-type=\"widget\" data-widget_type=\"text-editor.default\">\n\t\t\t\t<div class=\"elementor-widget-container\">\n\t\t\t\t\t\t\t\t\t<p><strong>Comiss\u00e3o Organizadora<\/strong><\/p>\n<p>Adriana Mabel Fresquet (UFRJ)<\/p>\n<p><span style=\"text-align: var(--text-align)\">Ana Lucia Gomes de Souza (UERJ)<\/span><\/p>\n<p>Daniela Guimar\u00e3es (UFRJ)<\/p>\n<p>Daniele de Carvalho Grazinoli (UFRJ)<\/p>\n<p>Deise Arenhart (UFRJ)<\/p>\n<p><span style=\"text-align: var(--text-align)\">Maria Cristina Monteiro Pereira de Carvalho (PUC-Rio)<\/span><\/p>\n<p>Nubia de Oliveira Santos (UFRJ)<\/p>\n<p>Patricia Corsino (UFRJ)<\/p>\n<p><span style=\"text-align: var(--text-align)\">Patricia Oliveira de Freitas (UFRRJ)<\/span><\/p>\n<p><span style=\"text-align: var(--text-align)\">Rosalia Maria Duarte (PUC-Rio)<\/span><br><\/p><p>Ruani Maceira Moraes (UERJ)<span style=\"text-align: var(--text-align)\"><br><\/span><\/p>\n<p>Sonia de Oliveira Camara Rangel (UERJ)<\/p>\n<p>Stela Guedes Caputo (UERJ)<\/p>\n<p>Virg\u00ednia Louzada (UERJ)<\/p>\t\t\t\t\t\t\t\t<\/div>\n\t\t\t\t<\/div>\n\t\t\t\t<div class=\"elementor-element elementor-element-05d6046 elementor-widget-divider--view-line_icon elementor-view-default elementor-widget-divider--element-align-center elementor-widget elementor-widget-divider\" data-id=\"05d6046\" data-element_type=\"widget\" data-e-type=\"widget\" data-widget_type=\"divider.default\">\n\t\t\t\t<div class=\"elementor-widget-container\">\n\t\t\t\t\t\t\t<div class=\"elementor-divider\">\n\t\t\t<span class=\"elementor-divider-separator\">\n\t\t\t\t\t\t\t<div class=\"elementor-icon elementor-divider__element\">\n\t\t\t\t\t<svg aria-hidden=\"true\" class=\"e-font-icon-svg e-fas-star-of-life\" viewBox=\"0 0 480 512\" xmlns=\"http:\/\/www.w3.org\/2000\/svg\"><path d=\"M471.99 334.43L336.06 256l135.93-78.43c7.66-4.42 10.28-14.2 5.86-21.86l-32.02-55.43c-4.42-7.65-14.21-10.28-21.87-5.86l-135.93 78.43V16c0-8.84-7.17-16-16.01-16h-64.04c-8.84 0-16.01 7.16-16.01 16v156.86L56.04 94.43c-7.66-4.42-17.45-1.79-21.87 5.86L2.15 155.71c-4.42 7.65-1.8 17.44 5.86 21.86L143.94 256 8.01 334.43c-7.66 4.42-10.28 14.21-5.86 21.86l32.02 55.43c4.42 7.65 14.21 10.27 21.87 5.86l135.93-78.43V496c0 8.84 7.17 16 16.01 16h64.04c8.84 0 16.01-7.16 16.01-16V339.14l135.93 78.43c7.66 4.42 17.45 1.8 21.87-5.86l32.02-55.43c4.42-7.65 1.8-17.43-5.86-21.85z\"><\/path><\/svg><\/div>\n\t\t\t\t\t\t<\/span>\n\t\t<\/div>\n\t\t\t\t\t\t<\/div>\n\t\t\t\t<\/div>\n\t\t\t\t<div class=\"elementor-element elementor-element-5e97e13 elementor-widget elementor-widget-text-editor\" data-id=\"5e97e13\" data-element_type=\"widget\" data-e-type=\"widget\" data-widget_type=\"text-editor.default\">\n\t\t\t\t<div class=\"elementor-widget-container\">\n\t\t\t\t\t\t\t\t\t<p><strong>Comiss\u00e3o Organizadora Internacional<\/strong><\/p><p><span style=\"text-align: var(--text-align)\">Natalia Fernandes (UMINHO)<\/span><\/p><p>Elena Colonna (UEM)<\/p><p>Em\u00edlia Vilarinho (UMINHO)<\/p><p>Gabriela Trevisan\u00a0<span style=\"text-align: var(--text-align)\">(<\/span>Prochild Colab<span style=\"text-align: var(--text-align)\">)<\/span><\/p><p><span style=\"text-align: var(--text-align)\">Catarina Tom\u00e1s\u00a0<\/span><span style=\"text-align: var(--text-align)\">(<\/span>Instituto Polit\u00e9cnico de Lisboa &#8211; Escola Superior de Educa\u00e7\u00e3o<span style=\"text-align: var(--text-align)\">)<\/span><\/p><p>Manuel Jacinto Sarmento (UMINHO)<\/p><p>Marlene Barra (UMINHO)<\/p>\t\t\t\t\t\t\t\t<\/div>\n\t\t\t\t<\/div>\n\t\t\t\t<div class=\"elementor-element elementor-element-28bb3d6 elementor-widget-divider--view-line_icon elementor-view-default elementor-widget-divider--element-align-center elementor-widget elementor-widget-divider\" data-id=\"28bb3d6\" data-element_type=\"widget\" data-e-type=\"widget\" data-widget_type=\"divider.default\">\n\t\t\t\t<div class=\"elementor-widget-container\">\n\t\t\t\t\t\t\t<div class=\"elementor-divider\">\n\t\t\t<span class=\"elementor-divider-separator\">\n\t\t\t\t\t\t\t<div class=\"elementor-icon elementor-divider__element\">\n\t\t\t\t\t<svg aria-hidden=\"true\" class=\"e-font-icon-svg e-fas-star\" viewBox=\"0 0 576 512\" xmlns=\"http:\/\/www.w3.org\/2000\/svg\"><path d=\"M259.3 17.8L194 150.2 47.9 171.5c-26.2 3.8-36.7 36.1-17.7 54.6l105.7 103-25 145.5c-4.5 26.3 23.2 46 46.4 33.7L288 439.6l130.7 68.7c23.2 12.2 50.9-7.4 46.4-33.7l-25-145.5 105.7-103c19-18.5 8.5-50.8-17.7-54.6L382 150.2 316.7 17.8c-11.7-23.6-45.6-23.9-57.4 0z\"><\/path><\/svg><\/div>\n\t\t\t\t\t\t<\/span>\n\t\t<\/div>\n\t\t\t\t\t\t<\/div>\n\t\t\t\t<\/div>\n\t\t\t\t<div class=\"elementor-element elementor-element-775657e elementor-widget elementor-widget-text-editor\" data-id=\"775657e\" data-element_type=\"widget\" data-e-type=\"widget\" data-widget_type=\"text-editor.default\">\n\t\t\t\t<div class=\"elementor-widget-container\">\n\t\t\t\t\t\t\t\t\t<p><strong>Comiss\u00e3o Organizadora Discente<\/strong><\/p>\n<p><strong>&nbsp;<\/strong>Alynne da Veiga (UERJ)<\/p>\n<p>Ataide Costa Junior (UERJ)<\/p>\n<p>Clara Nascimento (UERJ)<\/p>\n<p>Elaine Di Carlantonio (UERJ)<\/p>\n<p>Luis Osete (UERJ)<\/p>\n<p>Luiz Fernando (UERJ)<\/p>\n<p>Luiz Tiago (UERJ)<\/p><p>Maria Eduarda (UERJ)<\/p>\n<p>Renato Carvalho (UERJ)<\/p>\n<p>Waldin\u00e9ia Pereira (UERJ)<\/p>\n<p>Walter Kiffmann (UERJ)<\/p>\t\t\t\t\t\t\t\t<\/div>\n\t\t\t\t<\/div>\n\t\t\t\t<div class=\"elementor-element elementor-element-f1379d6 elementor-widget-divider--view-line_icon elementor-view-default elementor-widget-divider--element-align-center elementor-widget elementor-widget-divider\" data-id=\"f1379d6\" data-element_type=\"widget\" data-e-type=\"widget\" data-widget_type=\"divider.default\">\n\t\t\t\t<div class=\"elementor-widget-container\">\n\t\t\t\t\t\t\t<div class=\"elementor-divider\">\n\t\t\t<span class=\"elementor-divider-separator\">\n\t\t\t\t\t\t\t<div class=\"elementor-icon elementor-divider__element\">\n\t\t\t\t\t<svg aria-hidden=\"true\" class=\"e-font-icon-svg e-fas-star\" viewBox=\"0 0 576 512\" xmlns=\"http:\/\/www.w3.org\/2000\/svg\"><path d=\"M259.3 17.8L194 150.2 47.9 171.5c-26.2 3.8-36.7 36.1-17.7 54.6l105.7 103-25 145.5c-4.5 26.3 23.2 46 46.4 33.7L288 439.6l130.7 68.7c23.2 12.2 50.9-7.4 46.4-33.7l-25-145.5 105.7-103c19-18.5 8.5-50.8-17.7-54.6L382 150.2 316.7 17.8c-11.7-23.6-45.6-23.9-57.4 0z\"><\/path><\/svg><\/div>\n\t\t\t\t\t\t<\/span>\n\t\t<\/div>\n\t\t\t\t\t\t<\/div>\n\t\t\t\t<\/div>\n\t\t\t\t<div class=\"elementor-element elementor-element-7b7a450 elementor-widget elementor-widget-text-editor\" data-id=\"7b7a450\" data-element_type=\"widget\" data-e-type=\"widget\" data-widget_type=\"text-editor.default\">\n\t\t\t\t<div class=\"elementor-widget-container\">\n\t\t\t\t\t\t\t\t\t<p><strong>Comit\u00ea Cient\u00edfico<\/strong><\/p>\n<p>Adriana Mabel Fresquet (UFRJ)<\/p>\n<p>Alexandra Pena (PUC-Rio)<\/p>\n<p>Alexandre Toaldo Bello (UFSC)<\/p>\n<p>Alice Coutinho da Trindade (CAP\/UFRJ) &nbsp;<br><\/p>\n<p>Altino Jos\u00e9 Martins Filho (UDESC)<\/p>\n<p>Ana Lucia Gomes de Souza (UERJ)<\/p>\n<p>Angela Maria Scalabrin Coutinho (UFPR)<\/p>\n<p>Bianca Salazar Guizzo (UFRGS)<\/p>\n<p>Bruna Bottino da Silva (UERJ)<\/p>\n<p><span style=\"text-align: var(--text-align)\">Catarina Tom\u00e1s&nbsp;<\/span><span style=\"text-align: var(--text-align)\">(<\/span>Instituto Polit\u00e9cnico de Lisboa &#8211; Escola Superior de Educa\u00e7\u00e3o<span style=\"text-align: var(--text-align)\">)<\/span><\/p>\n<p><span style=\"text-align: var(--text-align)\">Cristina Carvalho (PUC-Rio)<\/span><\/p>\n<p>Daniele de Carvalho Grazinoli (UFRJ)<\/p>\n<p>Deise Arenhart (UFRJ)<\/p>\n<p>Denise da Silva Maia (PUC-RS)<\/p>\n<p>Elena Colonna (UEM)<\/p>\n<p>Elizabete Ramos (PUC-Rio)&nbsp;<\/p>\n<p>Ellen de Lima Souza (UNIFESP)<\/p>\n<p>Em\u00edlia Vilarinho (UMINHO)<\/p>\n<p>Gabriela Trevisan&nbsp;<span style=\"text-align: var(--text-align)\">(<\/span>Prochild Colab<span style=\"text-align: var(--text-align)\">)<\/span><\/p>\n<p><span style=\"text-align: var(--text-align)\">H\u00e9lder Pires Am\u00e2ncio (UNITIVA)<\/span><\/p>\n<p><span style=\"text-align: var(--text-align)\">Izadora Souza (UFRRJ)<\/span><\/p>\n<p>Jacqueline Sobral (IBMR)<span style=\"text-align: var(--text-align)\"><br><\/span><\/p>\n<p><span style=\"text-align: var(--text-align)\">Jader Janer Moreira Lopes (UFJF)<\/span><\/p>\n<p>Jordanna Castelo Branco (UERJ)&nbsp;<span style=\"text-align: var(--text-align)\"><br><\/span><\/p>\n<p>Juliana Prates Santana (UFBA)<\/p>\n<p>Katia Adair Agostinho (UFSC)<\/p>\n<p><span style=\"text-align: var(--text-align)\">Kelly Maia Cordeiro (UFRRJ)&nbsp;<\/span><\/p>\n<p>Leni Vieira Dornelles (UFRGS)<\/p>\n<p>Leonardo Dias da Fonseca (UEA)<\/p>\n<p>Lorraine Andrade Gon\u00e7alves (CAP\/UFRJ)<br><\/p>\n<p>Manuel Jacinto Sarmento (UMINHO)<\/p>\n<p>Maria Cristina Monteiro Pereira de Carvalho (PUC-Rio)<\/p>\n<p>Maria Tereza Goudard Tavares (UERJ)<br><\/p>\n<p>Marlene Barra (UMINHO)<\/p>\n<p>Mirna Juliana Santos Fonseca (PUC-Rio)<\/p>\n<p>Natalia Fernandes (UMINHO)<\/p>\n<p>Niely Freitas Leyendecker (UERJ)<\/p>\n<p>Nubia de Oliveira Santos (UFRJ)<\/p>\n<p>Patricia Corsino (UFRJ)<\/p>\n<p>Patricia de Moraes Lima (UFSC)<\/p>\n<p>Patricia Oliveira de Freitas (UFRRJ)<\/p>\n<p>Priscila Bas\u00edlio (CAP\/UFRJ)<br><\/p>\n<p>Rafaela Louise Vilela (CAP\/UFRJ)&nbsp;<br><\/p>\n<p>Rita Marisa Ribes Pereira (UERJ)<\/p>\n<p>Roberto Sanches Mubarac Sobrinho (UEA)<\/p>\n<p>Romilson Martins Siqueira (PUC-Goi\u00e1s)<br><\/p>\n<p>Rosalia Maria Duarte (PUC-Rio)<\/p>\n<p>Samantha Dias de Lima (IFRS)<br><\/p>\n<p>S\u00f4nia C\u00e2mara Rangel (UERJ)<\/p>\n<p>Stela Guedes Caputo (UERJ)<\/p>\n<p>Vict\u00f3ria Guilherme (UERJ)&nbsp;<br><\/p>\n<p>Virg\u00ednia Louzada (UERJ)<\/p>\n<p>Wanderson Flor do Nascimento (UNB)<\/p>\n<p>Zena Eisenberg (PUC-Rio)<\/p>\n<p><\/p>\t\t\t\t\t\t\t\t<\/div>\n\t\t\t\t<\/div>\n\t\t\t\t<div class=\"elementor-element elementor-element-7abaff8 elementor-widget elementor-widget-spacer\" data-id=\"7abaff8\" data-element_type=\"widget\" data-e-type=\"widget\" data-widget_type=\"spacer.default\">\n\t\t\t\t<div class=\"elementor-widget-container\">\n\t\t\t\t\t\t\t<div class=\"elementor-spacer\">\n\t\t\t<div class=\"elementor-spacer-inner\"><\/div>\n\t\t<\/div>\n\t\t\t\t\t\t<\/div>\n\t\t\t\t<\/div>\n\t\t\t\t\t<\/div>\n\t\t\t\t<\/div>\n\t\t\t\t\t<\/div>\n\t\t\t\t<\/div>\n\t\t\t\t<\/div>\n\t\t","protected":false},"excerpt":{"rendered":"<p>\/*! elementor &#8211; v3.19.0 &#8211; 07-02-2024 *\/ .elementor-widget-divider{&#8211;divider-border-style:none;&#8211;divider-border-width:1px;&#8211;divider-color:#0c0d0e;&#8211;divider-icon-size:20px;&#8211;divider-element-spacing:10px;&#8211;divider-pattern-height:24px;&#8211;divider-pattern-size:20px;&#8211;divider-pattern-url:none;&#8211;divider-pattern-repeat:repeat-x}.elementor-widget-divider .elementor-divider{display:flex}.elementor-widget-divider .elementor-divider__text{font-size:15px;line-height:1;max-width:95%}.elementor-widget-divider .elementor-divider__element{margin:0 var(&#8211;divider-element-spacing);flex-shrink:0}.elementor-widget-divider .elementor-icon{font-size:var(&#8211;divider-icon-size)}.elementor-widget-divider .elementor-divider-separator{display:flex;margin:0;direction:ltr}.elementor-widget-divider&#8211;view-line_icon .elementor-divider-separator,.elementor-widget-divider&#8211;view-line_text .elementor-divider-separator{align-items:center}.elementor-widget-divider&#8211;view-line_icon .elementor-divider-separator:after,.elementor-widget-divider&#8211;view-line_icon .elementor-divider-separator:before,.elementor-widget-divider&#8211;view-line_text .elementor-divider-separator:after,.elementor-widget-divider&#8211;view-line_text .elementor-divider-separator:before{display:block;content:&#8221;&#8221;;border-block-end:0;flex-grow:1;border-block-start:var(&#8211;divider-border-width) var(&#8211;divider-border-style) var(&#8211;divider-color)}.elementor-widget-divider&#8211;element-align-left .elementor-divider .elementor-divider-separator&gt;.elementor-divider__svg:first-of-type{flex-grow:0;flex-shrink:100}.elementor-widget-divider&#8211;element-align-left .elementor-divider-separator:before{content:none}.elementor-widget-divider&#8211;element-align-left .elementor-divider__element{margin-left:0}.elementor-widget-divider&#8211;element-align-right .elementor-divider .elementor-divider-separator&gt;.elementor-divider__svg:last-of-type{flex-grow:0;flex-shrink:100}.elementor-widget-divider&#8211;element-align-right .elementor-divider-separator:after{content:none}.elementor-widget-divider&#8211;element-align-right .elementor-divider__element{margin-right:0}.elementor-widget-divider&#8211;element-align-start .elementor-divider .elementor-divider-separator&gt;.elementor-divider__svg:first-of-type{flex-grow:0;flex-shrink:100}.elementor-widget-divider&#8211;element-align-start .elementor-divider-separator:before{content:none}.elementor-widget-divider&#8211;element-align-start .elementor-divider__element{margin-inline-start:0}.elementor-widget-divider&#8211;element-align-end .elementor-divider .elementor-divider-separator&gt;.elementor-divider__svg:last-of-type{flex-grow:0;flex-shrink:100}.elementor-widget-divider&#8211;element-align-end .elementor-divider-separator:after{content:none}.elementor-widget-divider&#8211;element-align-end .elementor-divider__element{margin-inline-end:0}.elementor-widget-divider:not(.elementor-widget-divider&#8211;view-line_text):not(.elementor-widget-divider&#8211;view-line_icon) .elementor-divider-separator{border-block-start:var(&#8211;divider-border-width) var(&#8211;divider-border-style) var(&#8211;divider-color)}.elementor-widget-divider&#8211;separator-type-pattern{&#8211;divider-border-style:none}.elementor-widget-divider&#8211;separator-type-pattern.elementor-widget-divider&#8211;view-line .elementor-divider-separator,.elementor-widget-divider&#8211;separator-type-pattern:not(.elementor-widget-divider&#8211;view-line) .elementor-divider-separator:after,.elementor-widget-divider&#8211;separator-type-pattern:not(.elementor-widget-divider&#8211;view-line) .elementor-divider-separator:before,.elementor-widget-divider&#8211;separator-type-pattern:not([class*=elementor-widget-divider&#8211;view]) .elementor-divider-separator{width:100%;min-height:var(&#8211;divider-pattern-height);-webkit-mask-size:var(&#8211;divider-pattern-size) 100%;mask-size:var(&#8211;divider-pattern-size) 100%;-webkit-mask-repeat:var(&#8211;divider-pattern-repeat);mask-repeat:var(&#8211;divider-pattern-repeat);background-color:var(&#8211;divider-color);-webkit-mask-image:var(&#8211;divider-pattern-url);mask-image:var(&#8211;divider-pattern-url)}.elementor-widget-divider&#8211;no-spacing{&#8211;divider-pattern-size:auto}.elementor-widget-divider&#8211;bg-round{&#8211;divider-pattern-repeat:round}.rtl .elementor-widget-divider .elementor-divider__text{direction:rtl}.e-con-inner&gt;.elementor-widget-divider,.e-con&gt;.elementor-widget-divider{width:var(&#8211;container-widget-width,100%);&#8211;flex-grow:var(&#8211;container-widget-flex-grow)} Comiss\u00e3o Organizadora Adriana Mabel Fresquet (UFRJ) [&hellip;]<\/p>\n","protected":false},"author":1,"featured_media":0,"parent":0,"menu_order":0,"comment_status":"closed","ping_status":"closed","template":"elementor_header_footer","meta":{"footnotes":""},"class_list":["post-365","page","type-page","status-publish","hentry"],"_links":{"self":[{"href":"https:\/\/estudosdacrianca.org\/simposio2024\/wp-json\/wp\/v2\/pages\/365","targetHints":{"allow":["GET"]}}],"collection":[{"href":"https:\/\/estudosdacrianca.org\/simposio2024\/wp-json\/wp\/v2\/pages"}],"about":[{"href":"https:\/\/estudosdacrianca.org\/simposio2024\/wp-json\/wp\/v2\/types\/page"}],"author":[{"embeddable":true,"href":"https:\/\/estudosdacrianca.org\/simposio2024\/wp-json\/wp\/v2\/users\/1"}],"replies":[{"embeddable":true,"href":"https:\/\/estudosdacrianca.org\/simposio2024\/wp-json\/wp\/v2\/comments?post=365"}],"version-history":[{"count":108,"href":"https:\/\/estudosdacrianca.org\/simposio2024\/wp-json\/wp\/v2\/pages\/365\/revisions"}],"predecessor-version":[{"id":1111,"href":"https:\/\/estudosdacrianca.org\/simposio2024\/wp-json\/wp\/v2\/pages\/365\/revisions\/1111"}],"wp:attachment":[{"href":"https:\/\/estudosdacrianca.org\/simposio2024\/wp-json\/wp\/v2\/media?parent=365"}],"curies":[{"name":"wp","href":"https:\/\/api.w.org\/{rel}","templated":true}]}}