{"id":275,"date":"2024-01-22T19:16:57","date_gmt":"2024-01-22T22:16:57","guid":{"rendered":"https:\/\/estudosdacrianca.org\/simposio2024\/?page_id=275"},"modified":"2024-04-11T15:10:16","modified_gmt":"2024-04-11T18:10:16","slug":"apresentacao","status":"publish","type":"page","link":"https:\/\/estudosdacrianca.org\/simposio2024\/apresentacao\/","title":{"rendered":"Apresenta\u00e7\u00e3o"},"content":{"rendered":"\t\t<div data-elementor-type=\"wp-page\" data-elementor-id=\"275\" class=\"elementor elementor-275\" data-elementor-post-type=\"page\">\n\t\t\t\t<div class=\"elementor-element elementor-element-7364953 e-flex e-con-boxed e-con e-parent\" data-id=\"7364953\" data-element_type=\"container\" data-e-type=\"container\" data-settings=\"{&quot;background_background&quot;:&quot;classic&quot;}\">\n\t\t\t\t\t<div class=\"e-con-inner\">\n\t\t<div class=\"elementor-element elementor-element-e981d7a e-flex e-con-boxed e-con e-child\" data-id=\"e981d7a\" data-element_type=\"container\" data-e-type=\"container\" data-settings=\"{&quot;background_background&quot;:&quot;classic&quot;}\">\n\t\t\t\t\t<div class=\"e-con-inner\">\n\t\t\t\t<div class=\"elementor-element elementor-element-1c8845f elementor-widget elementor-widget-heading\" data-id=\"1c8845f\" data-element_type=\"widget\" data-e-type=\"widget\" data-widget_type=\"heading.default\">\n\t\t\t\t<div class=\"elementor-widget-container\">\n\t\t\t\t\t<h2 class=\"elementor-heading-title elementor-size-default\">Apresenta\u00e7\u00e3o<\/h2>\t\t\t\t<\/div>\n\t\t\t\t<\/div>\n\t\t\t\t<div class=\"elementor-element elementor-element-bc377ab elementor-widget-divider--view-line elementor-widget elementor-widget-divider\" data-id=\"bc377ab\" data-element_type=\"widget\" data-e-type=\"widget\" data-widget_type=\"divider.default\">\n\t\t\t\t<div class=\"elementor-widget-container\">\n\t\t\t\t\t\t\t<div class=\"elementor-divider\">\n\t\t\t<span class=\"elementor-divider-separator\">\n\t\t\t\t\t\t<\/span>\n\t\t<\/div>\n\t\t\t\t\t\t<\/div>\n\t\t\t\t<\/div>\n\t\t\t\t<div class=\"elementor-element elementor-element-3d8359b elementor-widget elementor-widget-text-editor\" data-id=\"3d8359b\" data-element_type=\"widget\" data-e-type=\"widget\" data-widget_type=\"text-editor.default\">\n\t\t\t\t<div class=\"elementor-widget-container\">\n\t\t\t\t\t\t\t\t\t<p><img fetchpriority=\"high\" decoding=\"async\" class=\"alignleft wp-image-584\" src=\"https:\/\/estudosdacrianca.org\/simposio2024\/wp-content\/uploads\/sites\/2\/2024\/04\/WhatsApp-Image-2024-04-11-at-11.27.41.jpeg\" alt=\"\" width=\"300\" height=\"424\">\u201cAs mulheres e as crian\u00e7as s\u00e3o as primeiras que desistem de afundar navios\u201d, escreve a poeta carioca Ana Cristina Cesar em sua Cartilha da Cura. Em um tempo marcado pela hegemonia branca, adulta e cis-heteropatriarcal, mulheres e crian\u00e7as, especialmente de minorias \u00e9tnicas, t\u00eam sido as v\u00edtimas preferenciais do naufr\u00e1gio de navios, do bombardeio de comunidades, do genoc\u00eddio de povos e popula\u00e7\u00f5es, nas diversas formas de viol\u00eancia presentes em todos os recantos do planeta.<\/p><p><span style=\"text-align: var(--text-align)\">Atenta a esse desafiador contexto, a Comiss\u00e3o Organizadora do VI Simp\u00f3sio Luso-Brasileiro em Estudos da Crian\u00e7a\/I Simp\u00f3sio Luso-Afro-Brasileiro em Estudos da Crian\u00e7a prop\u00f5e a Esperan\u00e7a como o mastro de uma embarca\u00e7\u00e3o que ansiamos p\u00f4r em movimento nas reflex\u00f5es e a\u00e7\u00f5es de pesquisadoras\/es, professoras\/es e estudantes do Brasil, de Portugal e de pa\u00edses do Continente Africano.<\/span><\/p>\n<p>Sob o tema \u201cEsperan\u00e7ar nas Redes: Inf\u00e2ncia, Contracoloniza\u00e7\u00e3o e Interseccionalidade\u201d, promoveremos um momento de encontros, pontes e di\u00e1logos em l\u00edngua portuguesa acerca do estado da arte, das distintas epistemologias e metodologias dos Estudos da Crian\u00e7a. Nossa \u00eanfase ser\u00e1 na interdisciplinaridade, na inven\u00e7\u00e3o art\u00edstica e na defesa da crian\u00e7a como cidad\u00e3 pol\u00edtica e da inf\u00e2ncia como possibilidade de educa\u00e7\u00e3o e resist\u00eancia. Em di\u00e1logo com diversas \u00e1reas do conhecimento, a programa\u00e7\u00e3o conta com confer\u00eancias, mesas redondas, oficinas, mostra de filmes, lan\u00e7amento de livros, exposi\u00e7\u00e3o, plen\u00e1ria dos grupos de pesquisa e comunica\u00e7\u00f5es orais.<\/p>\n<p>Podem ser apresentados trabalhos e relatos de experi\u00eancias em oito eixos: 1.Inf\u00e2ncia, culturas, natureza e forma\u00e7\u00e3o est\u00e9tica; 2. Racismo, necropol\u00edtica e inf\u00e2ncia; 3. Inf\u00e2ncias, m\u00eddias, cibercultura e Intelig\u00eancia Artificial; 4. Audiovisualidades nas pesquisas com crian\u00e7as: quest\u00f5es \u00e9ticas, est\u00e9ticas e metodol\u00f3gicas; 5. Crian\u00e7as e subjetividades: dimens\u00f5es m\u00faltiplas de exist\u00eancia; 6. Inf\u00e2ncias, territ\u00f3rios e deslocamentos: rela\u00e7\u00e3o campo\/cidade\/periferia; 7. Pol\u00edticas e direitos das crian\u00e7as: pol\u00edticas p\u00fablicas para inf\u00e2ncia, direitos das crian\u00e7as e participa\u00e7\u00e3o social; 8. Crian\u00e7as, escola, fam\u00edlia e outras institui\u00e7\u00f5es.<\/p>\n<p>O evento acontecer\u00e1 entre os dias 26 e 30 de agosto de 2024, no Campus Maracan\u00e3 da Universidade do Estado do Rio de Janeiro (UERJ) e no Campus Praia Vermelha da Universidade Federal do Rio de Janeiro (UFRJ). E, al\u00e9m da UERJ e da UFRJ, conta com a realiza\u00e7\u00e3o da Pontif\u00edcia Universidade Cat\u00f3lica do Rio de Janeiro (PUC-Rio) e das Universidades Federal Rural do Rio de Janeiro (UFRRJ) e Federal do Estado do Rio de Janeiro (UNIRIO).<\/p>\n<p>Aguardamos voc\u00eas para refletirmos, sempre em di\u00e1logo com diversas \u00e1reas do conhecimento, sobre as possibilidades de subverter as l\u00f3gicas hegem\u00f4nicas e dominantes. Esperancemos juntas, juntos e juntes novas veredas para as inf\u00e2ncias do mundo inteiro.<\/p>\t\t\t\t\t\t\t\t<\/div>\n\t\t\t\t<\/div>\n\t\t\t\t\t<\/div>\n\t\t\t\t<\/div>\n\t\t\t\t\t<\/div>\n\t\t\t\t<\/div>\n\t\t\t\t<\/div>\n\t\t","protected":false},"excerpt":{"rendered":"<p>\/*! elementor &#8211; v3.19.0 &#8211; 07-02-2024 *\/ .elementor-widget-divider{&#8211;divider-border-style:none;&#8211;divider-border-width:1px;&#8211;divider-color:#0c0d0e;&#8211;divider-icon-size:20px;&#8211;divider-element-spacing:10px;&#8211;divider-pattern-height:24px;&#8211;divider-pattern-size:20px;&#8211;divider-pattern-url:none;&#8211;divider-pattern-repeat:repeat-x}.elementor-widget-divider .elementor-divider{display:flex}.elementor-widget-divider .elementor-divider__text{font-size:15px;line-height:1;max-width:95%}.elementor-widget-divider .elementor-divider__element{margin:0 var(&#8211;divider-element-spacing);flex-shrink:0}.elementor-widget-divider .elementor-icon{font-size:var(&#8211;divider-icon-size)}.elementor-widget-divider .elementor-divider-separator{display:flex;margin:0;direction:ltr}.elementor-widget-divider&#8211;view-line_icon .elementor-divider-separator,.elementor-widget-divider&#8211;view-line_text .elementor-divider-separator{align-items:center}.elementor-widget-divider&#8211;view-line_icon .elementor-divider-separator:after,.elementor-widget-divider&#8211;view-line_icon .elementor-divider-separator:before,.elementor-widget-divider&#8211;view-line_text .elementor-divider-separator:after,.elementor-widget-divider&#8211;view-line_text .elementor-divider-separator:before{display:block;content:&#8221;&#8221;;border-block-end:0;flex-grow:1;border-block-start:var(&#8211;divider-border-width) var(&#8211;divider-border-style) var(&#8211;divider-color)}.elementor-widget-divider&#8211;element-align-left .elementor-divider .elementor-divider-separator&gt;.elementor-divider__svg:first-of-type{flex-grow:0;flex-shrink:100}.elementor-widget-divider&#8211;element-align-left .elementor-divider-separator:before{content:none}.elementor-widget-divider&#8211;element-align-left .elementor-divider__element{margin-left:0}.elementor-widget-divider&#8211;element-align-right .elementor-divider .elementor-divider-separator&gt;.elementor-divider__svg:last-of-type{flex-grow:0;flex-shrink:100}.elementor-widget-divider&#8211;element-align-right .elementor-divider-separator:after{content:none}.elementor-widget-divider&#8211;element-align-right .elementor-divider__element{margin-right:0}.elementor-widget-divider&#8211;element-align-start .elementor-divider .elementor-divider-separator&gt;.elementor-divider__svg:first-of-type{flex-grow:0;flex-shrink:100}.elementor-widget-divider&#8211;element-align-start .elementor-divider-separator:before{content:none}.elementor-widget-divider&#8211;element-align-start .elementor-divider__element{margin-inline-start:0}.elementor-widget-divider&#8211;element-align-end .elementor-divider .elementor-divider-separator&gt;.elementor-divider__svg:last-of-type{flex-grow:0;flex-shrink:100}.elementor-widget-divider&#8211;element-align-end .elementor-divider-separator:after{content:none}.elementor-widget-divider&#8211;element-align-end .elementor-divider__element{margin-inline-end:0}.elementor-widget-divider:not(.elementor-widget-divider&#8211;view-line_text):not(.elementor-widget-divider&#8211;view-line_icon) .elementor-divider-separator{border-block-start:var(&#8211;divider-border-width) var(&#8211;divider-border-style) var(&#8211;divider-color)}.elementor-widget-divider&#8211;separator-type-pattern{&#8211;divider-border-style:none}.elementor-widget-divider&#8211;separator-type-pattern.elementor-widget-divider&#8211;view-line .elementor-divider-separator,.elementor-widget-divider&#8211;separator-type-pattern:not(.elementor-widget-divider&#8211;view-line) .elementor-divider-separator:after,.elementor-widget-divider&#8211;separator-type-pattern:not(.elementor-widget-divider&#8211;view-line) .elementor-divider-separator:before,.elementor-widget-divider&#8211;separator-type-pattern:not([class*=elementor-widget-divider&#8211;view]) .elementor-divider-separator{width:100%;min-height:var(&#8211;divider-pattern-height);-webkit-mask-size:var(&#8211;divider-pattern-size) 100%;mask-size:var(&#8211;divider-pattern-size) 100%;-webkit-mask-repeat:var(&#8211;divider-pattern-repeat);mask-repeat:var(&#8211;divider-pattern-repeat);background-color:var(&#8211;divider-color);-webkit-mask-image:var(&#8211;divider-pattern-url);mask-image:var(&#8211;divider-pattern-url)}.elementor-widget-divider&#8211;no-spacing{&#8211;divider-pattern-size:auto}.elementor-widget-divider&#8211;bg-round{&#8211;divider-pattern-repeat:round}.rtl .elementor-widget-divider .elementor-divider__text{direction:rtl}.e-con-inner&gt;.elementor-widget-divider,.e-con&gt;.elementor-widget-divider{width:var(&#8211;container-widget-width,100%);&#8211;flex-grow:var(&#8211;container-widget-flex-grow)} \u201cAs mulheres e as crian\u00e7as s\u00e3o [&hellip;]<\/p>\n","protected":false},"author":1,"featured_media":0,"parent":0,"menu_order":0,"comment_status":"closed","ping_status":"closed","template":"elementor_header_footer","meta":{"footnotes":""},"class_list":["post-275","page","type-page","status-publish","hentry"],"_links":{"self":[{"href":"https:\/\/estudosdacrianca.org\/simposio2024\/wp-json\/wp\/v2\/pages\/275","targetHints":{"allow":["GET"]}}],"collection":[{"href":"https:\/\/estudosdacrianca.org\/simposio2024\/wp-json\/wp\/v2\/pages"}],"about":[{"href":"https:\/\/estudosdacrianca.org\/simposio2024\/wp-json\/wp\/v2\/types\/page"}],"author":[{"embeddable":true,"href":"https:\/\/estudosdacrianca.org\/simposio2024\/wp-json\/wp\/v2\/users\/1"}],"replies":[{"embeddable":true,"href":"https:\/\/estudosdacrianca.org\/simposio2024\/wp-json\/wp\/v2\/comments?post=275"}],"version-history":[{"count":58,"href":"https:\/\/estudosdacrianca.org\/simposio2024\/wp-json\/wp\/v2\/pages\/275\/revisions"}],"predecessor-version":[{"id":978,"href":"https:\/\/estudosdacrianca.org\/simposio2024\/wp-json\/wp\/v2\/pages\/275\/revisions\/978"}],"wp:attachment":[{"href":"https:\/\/estudosdacrianca.org\/simposio2024\/wp-json\/wp\/v2\/media?parent=275"}],"curies":[{"name":"wp","href":"https:\/\/api.w.org\/{rel}","templated":true}]}}