{"id":1195,"date":"2024-08-08T15:57:50","date_gmt":"2024-08-08T18:57:50","guid":{"rendered":"https:\/\/estudosdacrianca.org\/simposio2024\/?page_id=1195"},"modified":"2024-08-13T15:29:08","modified_gmt":"2024-08-13T18:29:08","slug":"mostra-de-filmes","status":"publish","type":"page","link":"https:\/\/estudosdacrianca.org\/simposio2024\/mostra-de-filmes\/","title":{"rendered":"Mostra de Filmes"},"content":{"rendered":"\t\t<div data-elementor-type=\"wp-page\" data-elementor-id=\"1195\" class=\"elementor elementor-1195\" data-elementor-post-type=\"page\">\n\t\t\t\t<div class=\"elementor-element elementor-element-7364953 e-flex e-con-boxed e-con e-parent\" data-id=\"7364953\" data-element_type=\"container\" data-e-type=\"container\" data-settings=\"{&quot;background_background&quot;:&quot;classic&quot;}\">\n\t\t\t\t\t<div class=\"e-con-inner\">\n\t\t<div class=\"elementor-element elementor-element-e981d7a e-flex e-con-boxed e-con e-child\" data-id=\"e981d7a\" data-element_type=\"container\" data-e-type=\"container\" data-settings=\"{&quot;background_background&quot;:&quot;classic&quot;}\">\n\t\t\t\t\t<div class=\"e-con-inner\">\n\t\t\t\t<div class=\"elementor-element elementor-element-1c8845f elementor-widget elementor-widget-heading\" data-id=\"1c8845f\" data-element_type=\"widget\" data-e-type=\"widget\" data-widget_type=\"heading.default\">\n\t\t\t\t<div class=\"elementor-widget-container\">\n\t\t\t\t\t<h2 class=\"elementor-heading-title elementor-size-default\"><p style=\"font-family: Roboto, sans-serif;font-size: 16px;font-weight: 400\"><span style=\"font-family: Poppins, sans-serif;font-size: 36px;font-weight: 700;text-align: var(--text-align)\">I Mostra Audiovisual Espa\u00e7ostempos das Inf\u00e2ncias<\/span><span style=\"font-family: Poppins, sans-serif;font-size: 36px;font-weight: 700;text-align: var(--text-align)\"><\/span><\/p><\/h2>\t\t\t\t<\/div>\n\t\t\t\t<\/div>\n\t\t\t\t<div class=\"elementor-element elementor-element-bc377ab elementor-widget-divider--view-line elementor-widget elementor-widget-divider\" data-id=\"bc377ab\" data-element_type=\"widget\" data-e-type=\"widget\" data-widget_type=\"divider.default\">\n\t\t\t\t<div class=\"elementor-widget-container\">\n\t\t\t\t\t\t\t<div class=\"elementor-divider\">\n\t\t\t<span class=\"elementor-divider-separator\">\n\t\t\t\t\t\t<\/span>\n\t\t<\/div>\n\t\t\t\t\t\t<\/div>\n\t\t\t\t<\/div>\n\t\t\t\t<div class=\"elementor-element elementor-element-1e9a3a6 elementor-widget elementor-widget-text-editor\" data-id=\"1e9a3a6\" data-element_type=\"widget\" data-e-type=\"widget\" data-widget_type=\"text-editor.default\">\n\t\t\t\t<div class=\"elementor-widget-container\">\n\t\t\t\t\t\t\t\t\t<p><span style=\"font-family: var( --e-global-typography-text-font-family ), Sans-serif;font-size: 1rem\">Dia 28\/08\/2024, \u00e0s 14h30<\/span><\/p>\n<p>Audit\u00f3rio Manoel Maur\u00edcio<\/p>\n<p>UFRJ, Campus Praia Vermelha<\/p>\n<p><\/p>\n<p><strong>Programa\u00e7\u00e3o<\/strong><\/p>\n<p><strong>Bem-vindo \u00e0 Escola Municipal Luiz Delfino<\/strong>, de Luciano Dantas Bugarin (Escola Municipal Luiz Delfino), RJ, 2 min. <strong>Sinopse<\/strong>: Alunas do 5\u00ba ano apresentam os h\u00e1bitos, a viv\u00eancia e as aptid\u00f5es de alguns alunos da Escola Municipal Luiz Delfino, e tamb\u00e9m a pr\u00f3pria escola em si.<\/p>\n<p><strong>Tropa inteligente e a cultura de rua<\/strong>, de Marco Aur\u00e9lio Correa (Escola Municipal Maria de Cerqueira), 2023, RJ, 8 min. <strong>Sinopse<\/strong>: O que acontece quando a cultura de rua entra na escola? A 1205, a Tropa Inteligente da EM Maria de Cerqueira, narra, grafita, rima e coreografa suas impress\u00f5es sobre a cultura negra do hip hop.<\/p>\n<p><strong>Nossa escola<\/strong>, de Alice Coutinho da Trindade e Rafaela Louise Vilela&nbsp;(Col\u00e9gio de Aplica\u00e7\u00e3o da UFRJ &#8211; CAp UFRJ), 2023, RJ, 5 min. <strong>Sinopse: <\/strong>No ano de 2023, a sede Fund\u00e3o do CAp UFRJ foi fechada. As crian\u00e7as foram deslocadas para a sede Lagoa. O filme busca mostrar o ponto de vista das crian\u00e7as sobre esse processo.<\/p>\n<p><strong>A Toupeira que queria saber quem lhe fizera aquilo na cabe\u00e7a<\/strong>, de Manuela Sampaio-Pinto (Jardim de Inf\u00e2ncia da Estrada, Agrupamento de Escolas Amadeo de Souza Cardoso), 2015, Amarante\/ Portugal, 4 min. <strong>Sinopse: <\/strong>As representa\u00e7\u00f5es gr\u00e1ficas dos conceitos e cen\u00e1rios, aliadas \u00e0 locu\u00e7\u00e3o das crian\u00e7as reinterpretam a cultura do conto e d\u00e3o significado a uma narrativa autoral das crian\u00e7as, sobre um livro que lhes despertou muito interesse.<\/p>\n<p><strong>Cinenaescola<\/strong>, de Marta Chamarelli e Marta Guedes (Cinead\/Lecav, UFRJ), 2024, RJ, 5 min. <strong>Sinopse<\/strong>: Conjunto de atividades realizadas e\/ou em processo por docentes de escola b\u00e1sica com seus estudantes e membros do Laborat\u00f3rio Cinead\/Lecav no \u00e2mbito do Projeto Acervos Audiovisuais digitais e Universidade na produ\u00e7\u00e3o do conhecimento escolar, com fomento da FAPERJ.<\/p>\n<p><strong>Margaridinha, uma crian\u00e7a antiga<\/strong>, de Caroline Montezi de Castro Chamusca (Arquivo Nacional), RJ, 2020, 7 min. <strong>Sinopse:<\/strong> Margaridinha nos convida a dialogar com a vida de uma crian\u00e7a carioca do in\u00edcio do s\u00e9culo XX. Entre cenas de dan\u00e7as, amigos e fam\u00edlia, a menina da d\u00e9cada de 30 conta sobre suas experi\u00eancias vividas no bairro do M\u00e9ier a partir de imagens da fam\u00edlia de Margaridinha.<\/p>\n<p><strong>Deu a louca nas emo\u00e7\u00f5es!<\/strong>, de Tina Xavier (Projeto de Extens\u00e3o Brincar de Fazer Cinema com Crian\u00e7as\/Escola Estadual 11 de Outubro), 2023, MS, 6 min. <strong>Sinopse<\/strong>: Num planeta n\u00e3o muito distante um v\u00edrus dizimou muitas pessoas. As crian\u00e7as n\u00e3o podiam ir \u00e0 escola e tinham aulas a dist\u00e2ncia. Na volta \u00e0s aulas, as crian\u00e7as tiveram que lidar com todas as emo\u00e7\u00f5es do retorno e de estarem juntas outra vez.<\/p>\n<p><strong>A espera de Ludy<\/strong>, de Maria Alice de Sousa Carvalho Rocha (Centro de Ensino e Pesquisa Aplicada \u00e0 Educa\u00e7\u00e3o, UFG), 2021, GO, 4 min. <strong>Sinopse: <\/strong>Ludy, uma menina de 7 anos, durante a pandemia de 2020, vive a experi\u00eancia do Ensino Remoto Emergencial.<\/p>\n<p><strong>Praia do Jambre<\/strong>, de Netto Dugon e Maria Alice Carvalho&nbsp; (Grupo Visagem\/UFPA), 2019, PA, 4 min.. <strong>Sinopse: <\/strong>Anniely, crian\u00e7a e moradora da cidade ribeirinha de Melga\u00e7o do Maraj\u00f3, no Par\u00e1, conta sua experi\u00eancia com o rio.<\/p>\n<p><strong>Eu tenho orgulho de ser cigana<\/strong>, de Alynne Veiga (UERJ), MG, 2 min.<strong>Sinopse<\/strong>: Celebra a alegria de ser cigano pela perspectiva das crian\u00e7as, valorizando a identidade e a alegria deste grupo \u00e9tnico, destacando a riqueza e a vitalidade de sua heran\u00e7a pelas tradi\u00e7\u00f5es e pela m\u00fasica.<\/p>\n<p><strong>Dona das cabe\u00e7as, <\/strong>de Clara Ferreira Dias do Nascimento (UERJ), RJ, 5 min. <strong>Sinopse: <\/strong>Julia, de sete anos, narra suas experi\u00eancias na Casa do Caboclo Tupinamb\u00e1 da Praia, em Guaratiba, Rio de Janeiro, e convida a conhecer uma comunidade tradicional de terreiro.<\/p>\n<p><strong>Devir Inf\u00e2ncias Tupinamb\u00e1<\/strong>, de Juliana Schumacker Lessa (GEPISAL\/UESC e GiTaKa\/UNIRIO), BA, 5 min. <strong>Sinopse: <\/strong>O cotidiano educacional das crian\u00e7as da etnia Tupinamb\u00e1 de Oliven\u00e7a (BA). As viv\u00eancias trazidas d\u00e3o forma e conte\u00fado a uma a\u00e7\u00e3o pedag\u00f3gica sedimentada na rela\u00e7\u00e3o crian\u00e7a-natureza-territ\u00f3rio.<\/p>\n<p><strong>Um mundo feliz<\/strong>, de Alessandro Campos e Maria Alice de Sousa Carvalho Rocha (Grupo Visagem\/UFPA), 2019, PA, 3 min. <strong>Sinopse: <\/strong>No jardim, uma borboleta fica presa na rede de uma aranha.<\/p>\n<p><strong>Essa \u00e9 minha armadura<\/strong>, de Luis Osete Ribeiro Carvalho (UERJ\/K\u00e9ker\u00e9), BA, 5 min. <strong>Sinopse<\/strong>: Quatro crian\u00e7as ind\u00edgenas, Samily, Faxylyane, Toane e Sofia, brincam na aldeia do povo Kariri-Xoc\u00f3, em Alagoas. H\u00e1 um pesquisador, Luis Osete, e a c\u00e2mera do seu celular faz um registro da brincadeira. Uma das crian\u00e7as, Samily, explica do que se trata e interv\u00e9m em diferentes momentos da filmagem. O seu tom descontra\u00eddo, de repente, se altera quando ela resolve apresentar a sua \u201carmadura\u201d.&nbsp;<\/p>\t\t\t\t\t\t\t\t<\/div>\n\t\t\t\t<\/div>\n\t\t\t\t\t<\/div>\n\t\t\t\t<\/div>\n\t\t\t\t\t<\/div>\n\t\t\t\t<\/div>\n\t\t\t\t<\/div>\n\t\t","protected":false},"excerpt":{"rendered":"<p>I Mostra Audiovisual Espa\u00e7ostempos das Inf\u00e2ncias Dia 28\/08\/2024, \u00e0s 14h30 Audit\u00f3rio Manoel Maur\u00edcio UFRJ, Campus Praia Vermelha Programa\u00e7\u00e3o Bem-vindo \u00e0 Escola Municipal Luiz Delfino, de Luciano Dantas Bugarin (Escola Municipal Luiz Delfino), RJ, 2 min. Sinopse: Alunas do 5\u00ba ano apresentam os h\u00e1bitos, a viv\u00eancia e as aptid\u00f5es de alguns alunos da Escola Municipal Luiz [&hellip;]<\/p>\n","protected":false},"author":1,"featured_media":0,"parent":0,"menu_order":0,"comment_status":"closed","ping_status":"closed","template":"elementor_header_footer","meta":{"footnotes":""},"class_list":["post-1195","page","type-page","status-publish","hentry"],"_links":{"self":[{"href":"https:\/\/estudosdacrianca.org\/simposio2024\/wp-json\/wp\/v2\/pages\/1195","targetHints":{"allow":["GET"]}}],"collection":[{"href":"https:\/\/estudosdacrianca.org\/simposio2024\/wp-json\/wp\/v2\/pages"}],"about":[{"href":"https:\/\/estudosdacrianca.org\/simposio2024\/wp-json\/wp\/v2\/types\/page"}],"author":[{"embeddable":true,"href":"https:\/\/estudosdacrianca.org\/simposio2024\/wp-json\/wp\/v2\/users\/1"}],"replies":[{"embeddable":true,"href":"https:\/\/estudosdacrianca.org\/simposio2024\/wp-json\/wp\/v2\/comments?post=1195"}],"version-history":[{"count":26,"href":"https:\/\/estudosdacrianca.org\/simposio2024\/wp-json\/wp\/v2\/pages\/1195\/revisions"}],"predecessor-version":[{"id":1329,"href":"https:\/\/estudosdacrianca.org\/simposio2024\/wp-json\/wp\/v2\/pages\/1195\/revisions\/1329"}],"wp:attachment":[{"href":"https:\/\/estudosdacrianca.org\/simposio2024\/wp-json\/wp\/v2\/media?parent=1195"}],"curies":[{"name":"wp","href":"https:\/\/api.w.org\/{rel}","templated":true}]}}