{"id":1177,"date":"2024-08-08T15:46:29","date_gmt":"2024-08-08T18:46:29","guid":{"rendered":"https:\/\/estudosdacrianca.org\/simposio2024\/?page_id=1177"},"modified":"2024-08-16T23:13:30","modified_gmt":"2024-08-17T02:13:30","slug":"lista-de-oficinas","status":"publish","type":"page","link":"https:\/\/estudosdacrianca.org\/simposio2024\/lista-de-oficinas\/","title":{"rendered":"Lista de Oficinas"},"content":{"rendered":"\t\t<div data-elementor-type=\"wp-page\" data-elementor-id=\"1177\" class=\"elementor elementor-1177\" data-elementor-post-type=\"page\">\n\t\t\t\t<div class=\"elementor-element elementor-element-7364953 e-flex e-con-boxed e-con e-parent\" data-id=\"7364953\" data-element_type=\"container\" data-e-type=\"container\" data-settings=\"{&quot;background_background&quot;:&quot;classic&quot;}\">\n\t\t\t\t\t<div class=\"e-con-inner\">\n\t\t<div class=\"elementor-element elementor-element-e981d7a e-flex e-con-boxed e-con e-child\" data-id=\"e981d7a\" data-element_type=\"container\" data-e-type=\"container\" data-settings=\"{&quot;background_background&quot;:&quot;classic&quot;}\">\n\t\t\t\t\t<div class=\"e-con-inner\">\n\t\t\t\t<div class=\"elementor-element elementor-element-1c8845f elementor-widget elementor-widget-heading\" data-id=\"1c8845f\" data-element_type=\"widget\" data-e-type=\"widget\" data-widget_type=\"heading.default\">\n\t\t\t\t<div class=\"elementor-widget-container\">\n\t\t\t\t\t<h2 class=\"elementor-heading-title elementor-size-default\">Lista de Oficinas<\/h2>\t\t\t\t<\/div>\n\t\t\t\t<\/div>\n\t\t\t\t<div class=\"elementor-element elementor-element-bc377ab elementor-widget-divider--view-line elementor-widget elementor-widget-divider\" data-id=\"bc377ab\" data-element_type=\"widget\" data-e-type=\"widget\" data-widget_type=\"divider.default\">\n\t\t\t\t<div class=\"elementor-widget-container\">\n\t\t\t\t\t\t\t<div class=\"elementor-divider\">\n\t\t\t<span class=\"elementor-divider-separator\">\n\t\t\t\t\t\t<\/span>\n\t\t<\/div>\n\t\t\t\t\t\t<\/div>\n\t\t\t\t<\/div>\n\t\t\t\t<div class=\"elementor-element elementor-element-1e9a3a6 elementor-widget elementor-widget-text-editor\" data-id=\"1e9a3a6\" data-element_type=\"widget\" data-e-type=\"widget\" data-widget_type=\"text-editor.default\">\n\t\t\t\t<div class=\"elementor-widget-container\">\n\t\t\t\t\t\t\t\t\t<p><u>Ter\u00e7a-feira<\/u><strong><u> (27 de agosto), das 9h \u00e0s 11h<\/u><\/strong><\/p><ol><li><strong>Escritas criativas e literaturas negras com crian\u00e7as<\/strong><\/li><\/ol><p>Proponente: Marco Aur\u00e9lio da Concei\u00e7\u00e3o Correa<\/p><p>Ter\u00e7a-feira (27 de agosto), das 9h \u00e0s 11h. 20 vagas.<\/p><ol start=\"2\"><li><strong>EscreVivendo com crian\u00e7as uma educa\u00e7\u00e3o antirracista: protagonismo, mem\u00f3ria e subjetiva\u00e7\u00f5es <\/strong><\/li><\/ol><p>Proponentes: Giselle da Silva Santos e Jone Carla Bai\u00e3o<\/p><p>Ter\u00e7a-feira (27 de agosto), das 9h \u00e0s 11h. 20 vagas.\u00a0<\/p><ol start=\"3\"><li><strong>Pr\u00e1ticas pedag\u00f3gicas da Educa\u00e7\u00e3o F\u00edsica na Educa\u00e7\u00e3o Infantil relacionadas \u00e0s m\u00faltiplas linguagens potencializando o protagonismo infantil <\/strong><\/li><\/ol><p>Proponentes: Michelle Cristina Duarte Gomes, Laura Helmer Trindade<\/p><p>Ter\u00e7a-feira (27 de agosto), das 9h \u00e0s 11h. 40 vagas.<\/p><p><span style=\"font-family: var( --e-global-typography-text-font-family ), Sans-serif;text-align: var(--text-align)\">\u00a0 \u00a0 \u00a04.\u00a0<\/span><strong style=\"font-family: var( --e-global-typography-text-font-family ), Sans-serif;text-align: var(--text-align)\">Arte, subjetividade e inf\u00e2ncia como experi\u00eancia: o brincar com as cores na fluidez da aquarela<\/strong><\/p><p>Proponentes: Ana Carolina da Silva Coelho, Fernanda Caetano e Leila de Carvalho Mendes<\/p><p>Ter\u00e7a-feira (27 de agosto), das 9h \u00e0s 11. 15 vagas. \u00a0<\/p><p>\u00a0 \u00a0 \u00a05.\u00a0<strong style=\"font-family: var( --e-global-typography-text-font-family ), Sans-serif;text-align: var(--text-align)\">Abayomi: Narrativas de \u201cN\u00f3s\u201d<\/strong><\/p><p>Proponentes: Fabiana Alves dos Santos e Gilmar dos Santos Concei\u00e7\u00e3o<\/p><p>Ter\u00e7a-feira (27 de agosto), das 9h \u00e0s 11. 15 vagas, de prefer\u00eancia meninas e mulheres.<\/p><p><span style=\"font-family: var( --e-global-typography-text-font-family ), Sans-serif;text-align: var(--text-align)\">\u00a0 \u00a0 \u00a06.\u00a0<\/span><strong style=\"font-family: var( --e-global-typography-text-font-family ), Sans-serif;text-align: var(--text-align)\">Dan\u00e7as e Brincadeiras da cultura popular do interior paulista<\/strong><\/p><p>Proponente: Fernanda Ferreira de Oliveira<\/p><p>Ter\u00e7a-feira (27 de agosto), das 9h \u00e0s 11h. 50 vagas.\u00a0<\/p><p><strong><u>Quinta-feira (29 de agosto), das 9h \u00e0s 11h<\/u><\/strong><\/p><ol><li><strong>Leitura Afrorreferenciada e Jogo na Sala de Aula <\/strong><\/li><\/ol><p>Proponentes: Marcos Cl\u00f3vis Foga\u00e7a, Jhonatan Cardim Siqueira<\/p><p>Quinta-feira (29 de agosto), das 9h a\u0300s 11h. 15 vagas.<\/p><ol start=\"2\"><li><strong>Oficina Teatral para a Primeira Inf\u00e2ncia<\/strong><\/li><\/ol><p>Proponente: Amanda Fernanda Taques Oliveira<\/p><p>Quinta-feira (29 de agosto), das 9h \u00e0s 11h. 20 vagas.<\/p><ol start=\"3\"><li><strong>Inf\u00e2ncias Imigrantes: Entre Acolhimento, Vozes e Viv\u00eancias Interculturais<\/strong><\/li><\/ol><p>Proponentes: Jardielly Alencar Vasconcelos Martins, Andr\u00e9 da Silva Mello, Michelle Cristina Duarte Gomes<\/p><p>Quinta-feira (29 de agosto), das 9h \u00e0s 11h. 30 vagas.<\/p><ol start=\"4\"><li><strong>Brinquedos Cantados Afro-Brasileiros como experie\u0302ncia pedago\u0301gica<\/strong><\/li><\/ol><p>Proponente: Beatriz de Souza Bessa<\/p><p>Quinta-feira (29 de agosto), das 9h a\u0300s 11h. 50 vagas.<\/p><ol start=\"5\"><li><strong>Assembleias como \u201cmartelete\u201d escolar: construindo outras rela\u00e7\u00f5es<\/strong><\/li><\/ol><p>Proponentes: Ranulfo Cavalari Neto, Breno Totti Montes, Michele de Lima Gon\u00e7alves<\/p><p>Quinta-feira (29 de agosto), das 9h \u00e0s 11h. 40 vagas.<\/p><ol start=\"6\"><li><strong>Oficina de cria\u00e7\u00e3o de filmes em realidade virtual<\/strong><\/li><\/ol><p>Proponente: Luciano Dantas Bugarin<\/p><p>Quinta-feira (29 de agosto), de 9h \u00e0s 11h. 10 vagas.<\/p><ol start=\"7\"><li><strong>Tintas naturais: Conex\u00f5es com nossa ancestralidade <\/strong><\/li><\/ol><p>Proponente: Fernanda Madalena Fiuza<\/p><p>Quinta-feira (29 de agosto), das 9h \u00e0s 11h. 20 vagas.\u00a0\u00a0<\/p><ol start=\"8\"><li><strong>Quem me ensinou a brincar? contos sobre a brincadeira de ontem e de hoje <\/strong><\/li><\/ol><p>Proponentes: Mariana Souza Silva, Maria Clara Corr\u00eaia Machado e N\u00e1dia Corr\u00eaia Machado<\/p><p>Quinta-feira (29 de agosto), das 9h \u00e0s 11h. 15 vagas.\u00a0<\/p><p>\u00a0 \u00a0 \u00a09. \u00a0<strong>Se Essa Rua Fosse Minha? Crian\u00e7as com M\u00e3os nas Latas<\/strong><\/p><p>Proponente: Felipe Rocha dos Santos<\/p><p>Quinta-feira (29 de agosto), das 9h \u00e0s 11h. 20 vagas, sendo 10 crian\u00e7as e 10 adultos.<\/p><p><strong><u>Ter\u00e7a e quinta-feira (29 de agosto), das 9h \u00e0s 11h<\/u><\/strong><\/p><ol><li><strong>\u201cAfroamor vem de dentro: letramento racial \u00e9 preciso!\u201d<\/strong><\/li><\/ol><p>Proponentes: Roberta Guimar\u00e3es Teixeira, Aline de Oliveira Braga, Denise Cruz Candido Miranda. de Souza<\/p><p>Ter\u00e7a-feira (27 de agosto) e quinta-feira (29 de agosto), das 9h \u00e0s 11h. 20 vagas.<\/p><ol start=\"2\"><li><strong>Alfabetiza\u00e7\u00e3o, nome pr\u00f3prio e subjetividade<\/strong><\/li><\/ol><p>Proponente: Marlene Maria Machado da Silva<\/p><p>Ter\u00e7a-feira (27 de agosto) e quinta-feira (29 de agosto), das 9h \u00e0s 11h. 35 vagas.<\/p><ol start=\"3\"><li><strong>Pesquisa acad\u00eamica e as crian\u00e7as negras: estrat\u00e9gias para encontr\u00e1-las e escutar suas vozes<\/strong><\/li><\/ol><p>Proponente: M\u00edghian Danae Ferreira Nunes<\/p><p>Ter\u00e7a-feira (27 de agosto) e quinta-feira (29 de agosto), das 9h \u00e0s 11h. 25 vagas.<\/p><ol start=\"4\"><li><strong>Literatura infantil contempor\u00e2nea e temas fraturantes: por que compartilh\u00e1-los na escola, desde a Educa\u00e7\u00e3o Infantil? <\/strong><\/li><\/ol><p>Proponente: S\u00f4nia Maria Milone de Freitas Travassos<\/p><p>Ter\u00e7a-feira (27 de agosto) e quinta-feira (29 de agosto), das 9h \u00e0s 11h. 20 vagas.\u00a0<\/p><ol start=\"5\"><li><strong>Educa\u00e7\u00e3o como Liberdade Pr\u00e1ticas Educativas e o Espa\u00e7o Ambiental na Baixada Fluminense <\/strong><\/li><\/ol><p>Proponentes: Giovanna Filgueiras Lima Andrade e Millena Silva<\/p><p>Ter\u00e7a-feira (27 de agosto) e quinta-feira (29 de agosto), das 9h \u00e0s 11h. 50 vagas.<\/p><ol start=\"6\"><li><strong>Ax\u00e9 Libras: a tradutibilidade de termos no universo afro-centrado para crian\u00e7as surdas<\/strong><\/li><\/ol><p>Proponente: Wermerson Meira Silva<\/p><p>Ter\u00e7a-feira (27 de agosto) e quinta-feira (29 de agosto), das 9h \u00e0s 11h. 20 vagas.<\/p>\t\t\t\t\t\t\t\t<\/div>\n\t\t\t\t<\/div>\n\t\t\t\t\t<\/div>\n\t\t\t\t<\/div>\n\t\t\t\t\t<\/div>\n\t\t\t\t<\/div>\n\t\t<div class=\"elementor-element elementor-element-9a2364a e-flex e-con-boxed e-con e-parent\" data-id=\"9a2364a\" data-element_type=\"container\" data-e-type=\"container\">\n\t\t\t\t\t<div class=\"e-con-inner\">\n\t\t\t\t\t<\/div>\n\t\t\t\t<\/div>\n\t\t\t\t<\/div>\n\t\t","protected":false},"excerpt":{"rendered":"<p>\/*! elementor &#8211; v3.23.0 &#8211; 05-08-2024 *\/ .elementor-widget-divider{&#8211;divider-border-style:none;&#8211;divider-border-width:1px;&#8211;divider-color:#0c0d0e;&#8211;divider-icon-size:20px;&#8211;divider-element-spacing:10px;&#8211;divider-pattern-height:24px;&#8211;divider-pattern-size:20px;&#8211;divider-pattern-url:none;&#8211;divider-pattern-repeat:repeat-x}.elementor-widget-divider .elementor-divider{display:flex}.elementor-widget-divider .elementor-divider__text{font-size:15px;line-height:1;max-width:95%}.elementor-widget-divider .elementor-divider__element{margin:0 var(&#8211;divider-element-spacing);flex-shrink:0}.elementor-widget-divider .elementor-icon{font-size:var(&#8211;divider-icon-size)}.elementor-widget-divider .elementor-divider-separator{display:flex;margin:0;direction:ltr}.elementor-widget-divider&#8211;view-line_icon .elementor-divider-separator,.elementor-widget-divider&#8211;view-line_text .elementor-divider-separator{align-items:center}.elementor-widget-divider&#8211;view-line_icon .elementor-divider-separator:after,.elementor-widget-divider&#8211;view-line_icon .elementor-divider-separator:before,.elementor-widget-divider&#8211;view-line_text .elementor-divider-separator:after,.elementor-widget-divider&#8211;view-line_text .elementor-divider-separator:before{display:block;content:&#8221;&#8221;;border-block-end:0;flex-grow:1;border-block-start:var(&#8211;divider-border-width) var(&#8211;divider-border-style) var(&#8211;divider-color)}.elementor-widget-divider&#8211;element-align-left .elementor-divider .elementor-divider-separator&gt;.elementor-divider__svg:first-of-type{flex-grow:0;flex-shrink:100}.elementor-widget-divider&#8211;element-align-left .elementor-divider-separator:before{content:none}.elementor-widget-divider&#8211;element-align-left .elementor-divider__element{margin-left:0}.elementor-widget-divider&#8211;element-align-right .elementor-divider .elementor-divider-separator&gt;.elementor-divider__svg:last-of-type{flex-grow:0;flex-shrink:100}.elementor-widget-divider&#8211;element-align-right .elementor-divider-separator:after{content:none}.elementor-widget-divider&#8211;element-align-right .elementor-divider__element{margin-right:0}.elementor-widget-divider&#8211;element-align-start .elementor-divider .elementor-divider-separator&gt;.elementor-divider__svg:first-of-type{flex-grow:0;flex-shrink:100}.elementor-widget-divider&#8211;element-align-start .elementor-divider-separator:before{content:none}.elementor-widget-divider&#8211;element-align-start .elementor-divider__element{margin-inline-start:0}.elementor-widget-divider&#8211;element-align-end .elementor-divider .elementor-divider-separator&gt;.elementor-divider__svg:last-of-type{flex-grow:0;flex-shrink:100}.elementor-widget-divider&#8211;element-align-end .elementor-divider-separator:after{content:none}.elementor-widget-divider&#8211;element-align-end .elementor-divider__element{margin-inline-end:0}.elementor-widget-divider:not(.elementor-widget-divider&#8211;view-line_text):not(.elementor-widget-divider&#8211;view-line_icon) .elementor-divider-separator{border-block-start:var(&#8211;divider-border-width) var(&#8211;divider-border-style) var(&#8211;divider-color)}.elementor-widget-divider&#8211;separator-type-pattern{&#8211;divider-border-style:none}.elementor-widget-divider&#8211;separator-type-pattern.elementor-widget-divider&#8211;view-line .elementor-divider-separator,.elementor-widget-divider&#8211;separator-type-pattern:not(.elementor-widget-divider&#8211;view-line) .elementor-divider-separator:after,.elementor-widget-divider&#8211;separator-type-pattern:not(.elementor-widget-divider&#8211;view-line) .elementor-divider-separator:before,.elementor-widget-divider&#8211;separator-type-pattern:not([class*=elementor-widget-divider&#8211;view]) .elementor-divider-separator{width:100%;min-height:var(&#8211;divider-pattern-height);-webkit-mask-size:var(&#8211;divider-pattern-size) 100%;mask-size:var(&#8211;divider-pattern-size) 100%;-webkit-mask-repeat:var(&#8211;divider-pattern-repeat);mask-repeat:var(&#8211;divider-pattern-repeat);background-color:var(&#8211;divider-color);-webkit-mask-image:var(&#8211;divider-pattern-url);mask-image:var(&#8211;divider-pattern-url)}.elementor-widget-divider&#8211;no-spacing{&#8211;divider-pattern-size:auto}.elementor-widget-divider&#8211;bg-round{&#8211;divider-pattern-repeat:round}.rtl .elementor-widget-divider .elementor-divider__text{direction:rtl}.e-con-inner&gt;.elementor-widget-divider,.e-con&gt;.elementor-widget-divider{width:var(&#8211;container-widget-width,100%);&#8211;flex-grow:var(&#8211;container-widget-flex-grow)} Ter\u00e7a-feira (27 de agosto), das 9h [&hellip;]<\/p>\n","protected":false},"author":1,"featured_media":0,"parent":0,"menu_order":0,"comment_status":"closed","ping_status":"closed","template":"elementor_header_footer","meta":{"footnotes":""},"class_list":["post-1177","page","type-page","status-publish","hentry"],"_links":{"self":[{"href":"https:\/\/estudosdacrianca.org\/simposio2024\/wp-json\/wp\/v2\/pages\/1177","targetHints":{"allow":["GET"]}}],"collection":[{"href":"https:\/\/estudosdacrianca.org\/simposio2024\/wp-json\/wp\/v2\/pages"}],"about":[{"href":"https:\/\/estudosdacrianca.org\/simposio2024\/wp-json\/wp\/v2\/types\/page"}],"author":[{"embeddable":true,"href":"https:\/\/estudosdacrianca.org\/simposio2024\/wp-json\/wp\/v2\/users\/1"}],"replies":[{"embeddable":true,"href":"https:\/\/estudosdacrianca.org\/simposio2024\/wp-json\/wp\/v2\/comments?post=1177"}],"version-history":[{"count":31,"href":"https:\/\/estudosdacrianca.org\/simposio2024\/wp-json\/wp\/v2\/pages\/1177\/revisions"}],"predecessor-version":[{"id":1405,"href":"https:\/\/estudosdacrianca.org\/simposio2024\/wp-json\/wp\/v2\/pages\/1177\/revisions\/1405"}],"wp:attachment":[{"href":"https:\/\/estudosdacrianca.org\/simposio2024\/wp-json\/wp\/v2\/media?parent=1177"}],"curies":[{"name":"wp","href":"https:\/\/api.w.org\/{rel}","templated":true}]}}